{"id":16632,"date":"2026-05-12T19:22:19","date_gmt":"2026-05-12T19:22:19","guid":{"rendered":"https:\/\/colegiojuanpablosegundo.com.mx\/wp_2025\/?page_id=16632"},"modified":"2026-05-12T20:56:38","modified_gmt":"2026-05-12T20:56:38","slug":"diplomado-en-contaduria-aplicada-y-estrategia-fiscal","status":"publish","type":"page","link":"https:\/\/colegiojuanpablosegundo.com.mx\/wp_2025\/diplomado-en-contaduria-aplicada-y-estrategia-fiscal\/","title":{"rendered":"Diplomado en Contadur\u00eda Aplicada y Estrategia Fiscal"},"content":{"rendered":"\t\t<div data-elementor-type=\"wp-page\" data-elementor-id=\"16632\" class=\"elementor elementor-16632\">\n\t\t\t\t<div class=\"elementor-element elementor-element-eaeedc6 e-flex e-con-boxed e-con e-parent\" data-id=\"eaeedc6\" data-element_type=\"container\">\n\t\t\t\t\t<div class=\"e-con-inner\">\n\t\t<div class=\"elementor-element elementor-element-215a29d e-con-full e-flex e-con e-child\" data-id=\"215a29d\" data-element_type=\"container\">\n\t\t<div class=\"elementor-element elementor-element-ac7f020 e-flex e-con-boxed e-con e-child\" data-id=\"ac7f020\" data-element_type=\"container\">\n\t\t\t\t\t<div class=\"e-con-inner\">\n\t\t<div class=\"elementor-element elementor-element-9418eae e-flex e-con-boxed e-con e-child\" data-id=\"9418eae\" data-element_type=\"container\">\n\t\t\t\t\t<div class=\"e-con-inner\">\n\t\t\t\t<div class=\"elementor-element elementor-element-3d4712b elementor-widget__width-initial elementor-widget thim-ekits-heading elementor-widget-thim-heading\" data-id=\"3d4712b\" data-element_type=\"widget\" data-widget_type=\"thim-heading.default\">\n\t\t\t\t<div class=\"elementor-widget-container\">\n\t\t\t\t\t<div class=\"sc_heading\"><p class=\"title\">Carga de Estudio: <\/p><\/div>\t\t\t\t<\/div>\n\t\t\t\t<\/div>\n\t\t\t\t<div class=\"elementor-element elementor-element-39ae191 elementor-widget__width-initial elementor-widget thim-ekits-heading elementor-widget-thim-heading\" data-id=\"39ae191\" data-element_type=\"widget\" data-widget_type=\"thim-heading.default\">\n\t\t\t\t<div class=\"elementor-widget-container\">\n\t\t\t\t\t<div class=\"sc_heading\"><span class=\"title\">1 hora <\/span><\/div>\t\t\t\t<\/div>\n\t\t\t\t<\/div>\n\t\t\t\t<div class=\"elementor-element elementor-element-68cafa9 elementor-widget-divider--view-line elementor-widget elementor-widget-divider\" data-id=\"68cafa9\" data-element_type=\"widget\" data-widget_type=\"divider.default\">\n\t\t\t\t\t\t\t<div class=\"elementor-divider\">\n\t\t\t<span class=\"elementor-divider-separator\">\n\t\t\t\t\t\t<\/span>\n\t\t<\/div>\n\t\t\t\t\t\t<\/div>\n\t\t\t\t<div class=\"elementor-element elementor-element-51ec555 elementor-widget__width-initial elementor-widget thim-ekits-heading elementor-widget-thim-heading\" data-id=\"51ec555\" data-element_type=\"widget\" data-widget_type=\"thim-heading.default\">\n\t\t\t\t<div class=\"elementor-widget-container\">\n\t\t\t\t\t<div class=\"sc_heading\"><p class=\"title\">Duraci\u00f3n: <\/p><\/div>\t\t\t\t<\/div>\n\t\t\t\t<\/div>\n\t\t\t\t<div class=\"elementor-element elementor-element-9fa8548 elementor-widget__width-initial elementor-widget thim-ekits-heading elementor-widget-thim-heading\" data-id=\"9fa8548\" data-element_type=\"widget\" data-widget_type=\"thim-heading.default\">\n\t\t\t\t<div class=\"elementor-widget-container\">\n\t\t\t\t\t<div class=\"sc_heading\"><span class=\"title\">1 a\u00f1o <\/span><\/div>\t\t\t\t<\/div>\n\t\t\t\t<\/div>\n\t\t\t\t<div class=\"elementor-element elementor-element-e07773b elementor-widget-divider--view-line elementor-widget elementor-widget-divider\" data-id=\"e07773b\" data-element_type=\"widget\" data-widget_type=\"divider.default\">\n\t\t\t\t\t\t\t<div class=\"elementor-divider\">\n\t\t\t<span class=\"elementor-divider-separator\">\n\t\t\t\t\t\t<\/span>\n\t\t<\/div>\n\t\t\t\t\t\t<\/div>\n\t\t\t\t\t<\/div>\n\t\t\t\t<\/div>\n\t\t<div class=\"elementor-element elementor-element-d4b35dc e-flex e-con-boxed e-con e-child\" data-id=\"d4b35dc\" data-element_type=\"container\">\n\t\t\t\t\t<div class=\"e-con-inner\">\n\t\t\t\t<div class=\"elementor-element elementor-element-5e40a69 elementor-widget__width-initial elementor-widget thim-ekits-heading elementor-widget-thim-heading\" data-id=\"5e40a69\" data-element_type=\"widget\" data-widget_type=\"thim-heading.default\">\n\t\t\t\t<div class=\"elementor-widget-container\">\n\t\t\t\t\t<div class=\"sc_heading\"><p class=\"title\">Ubicaci\u00f3n: <\/p><\/div>\t\t\t\t<\/div>\n\t\t\t\t<\/div>\n\t\t\t\t<div class=\"elementor-element elementor-element-9b1bf05 elementor-widget__width-initial elementor-widget thim-ekits-heading elementor-widget-thim-heading\" data-id=\"9b1bf05\" data-element_type=\"widget\" data-widget_type=\"thim-heading.default\">\n\t\t\t\t<div class=\"elementor-widget-container\">\n\t\t\t\t\t<div class=\"sc_heading\"><span class=\"title\">Colegio Juan Pablo II <\/span><\/div>\t\t\t\t<\/div>\n\t\t\t\t<\/div>\n\t\t\t\t<div class=\"elementor-element elementor-element-9e8926c elementor-widget-divider--view-line elementor-widget elementor-widget-divider\" data-id=\"9e8926c\" data-element_type=\"widget\" data-widget_type=\"divider.default\">\n\t\t\t\t\t\t\t<div class=\"elementor-divider\">\n\t\t\t<span class=\"elementor-divider-separator\">\n\t\t\t\t\t\t<\/span>\n\t\t<\/div>\n\t\t\t\t\t\t<\/div>\n\t\t\t\t<div class=\"elementor-element elementor-element-7fa9264 elementor-widget__width-initial elementor-widget thim-ekits-heading elementor-widget-thim-heading\" data-id=\"7fa9264\" data-element_type=\"widget\" data-widget_type=\"thim-heading.default\">\n\t\t\t\t<div class=\"elementor-widget-container\">\n\t\t\t\t\t<div class=\"sc_heading\"><p class=\"title\">Fechas: <\/p><\/div>\t\t\t\t<\/div>\n\t\t\t\t<\/div>\n\t\t\t\t<div class=\"elementor-element elementor-element-4561601 elementor-widget__width-initial elementor-widget thim-ekits-heading elementor-widget-thim-heading\" data-id=\"4561601\" data-element_type=\"widget\" data-widget_type=\"thim-heading.default\">\n\t\t\t\t<div class=\"elementor-widget-container\">\n\t\t\t\t\t<div class=\"sc_heading\"><span class=\"title\">20 feb   -   15 Jun <\/span><\/div>\t\t\t\t<\/div>\n\t\t\t\t<\/div>\n\t\t\t\t\t<\/div>\n\t\t\t\t<\/div>\n\t\t\t\t\t<\/div>\n\t\t\t\t<\/div>\n\t\t\t\t<div class=\"elementor-element elementor-element-cea855b elementor-widget thim-ekits-heading elementor-widget-thim-heading\" data-id=\"cea855b\" data-element_type=\"widget\" data-widget_type=\"thim-heading.default\">\n\t\t\t\t<div class=\"elementor-widget-container\">\n\t\t\t\t\t<div class=\"sc_heading\"><h2 class=\"title\">Justificaci\u00f3n <\/h2><div class=\"sub-heading\"><p>En el din\u00e1mico entorno econ\u00f3mico y legislativo de M\u00e9xico, la contadur\u00eda p\u00fablica ha evolucionado de ser una disciplina de registro t\u00e9cnico a convertirse en el eje estrat\u00e9gico fundamental para la sostenibilidad y transparencia de las organizaciones. Esta transformaci\u00f3n exige que el profesional contable domine de manera integral las normativas que rigen la estructura de la informaci\u00f3n financiera, el control de los recursos operativos y el estricto cumplimiento de las obligaciones legales vigentes. La relevancia de esta formaci\u00f3n comienza con la implementaci\u00f3n profunda de las Normas de Informaci\u00f3n Financiera (NIF), ya que, en un mercado globalizado la correcta aplicaci\u00f3n de los postulados b\u00e1sicos, as\u00ed como el reconocimiento y la valuaci\u00f3n de activos y pasivos, no representan una opci\u00f3n, sino la base indispensable para generar estados financieros que reflejen con fidelidad la realidad econ\u00f3mica de cualquier entidad. Un dominio t\u00e9cnico insuficiente en el devengamiento contable o en la presentaci\u00f3n y revelaci\u00f3n de datos financieros puede comprometer seriamente la toma de decisiones gerenciales y la confianza de los diversos usuarios de la informaci\u00f3n. Aunado a lo anterior, la administraci\u00f3n de la n\u00f3mina y el capital humano constituye uno de los mayores desaf\u00edos operativos y fiscales para las empresas en el pa\u00eds. Se requiere una especializaci\u00f3n profunda en el manejo del Impuesto Sobre la Renta (ISR) aplicado a sueldos y salarios, que permita gestionar con precisi\u00f3n desde el c\u00e1lculo de ingresos gravados y exentos hasta el manejo del subsidio para el empleo y las retenciones correspondientes. Ante la digitalizaci\u00f3n de la fiscalizaci\u00f3n, el dominio del CFDI de n\u00f3mina y el correcto entero del impuesto ante el SAT se vuelven competencias cr\u00edticas para evitar sanciones y garantizar la seguridad jur\u00eddica de la organizaci\u00f3n, especialmente en el tratamiento de casos complejos como las liquidaciones, finiquitos y el c\u00e1lculo del aguinaldo o la PTU. Asimismo, la competitividad de cualquier unidad econ\u00f3mica depende directamente de su estructura de costos y su capacidad de planeaci\u00f3n. Es imperativo que el profesional cuente con herramientas de contabilidad administrativa que le permitan diferenciar con claridad entre costos fijos, variables, directos e indirectos, aplicando metodolog\u00edas modernas como el costeo basado en actividades (ABC). Sin un control presupuestal robusto que incluya el an\u00e1lisis de m\u00e1rgenes de contribuci\u00f3n y la determinaci\u00f3n exacta del punto de equilibrio, la direcci\u00f3n de la empresa carece de los elementos objetivos necesarios para decidir sobre la fabricaci\u00f3n de productos o la optimizaci\u00f3n de gastos a corto plazo. Por lo tanto, este ciclo de competencia profesional se cierra con la gesti\u00f3n responsable de la seguridad social, el cumplimiento ante instituciones como el IMSS y la correcta integraci\u00f3n del Salario Base de Cotizaci\u00f3n son pilares que previenen pasivos contingentes y protegen los derechos sociales de los trabajadores bajo el marco de la Ley Federal del Trabajo, asegurando que la pr\u00e1ctica contable se realice con una visi\u00f3n de cumplimiento integral y excelencia operativa.<\/p>\n<\/div><\/div>\t\t\t\t<\/div>\n\t\t\t\t<\/div>\n\t\t\t\t<div class=\"elementor-element elementor-element-5169669 elementor-widget thim-ekits-heading elementor-widget-thim-heading\" data-id=\"5169669\" data-element_type=\"widget\" data-widget_type=\"thim-heading.default\">\n\t\t\t\t<div class=\"elementor-widget-container\">\n\t\t\t\t\t<div class=\"sc_heading\"><h2 class=\"title\">OBJETIVO GENERAL <\/h2><\/div>\t\t\t\t<\/div>\n\t\t\t\t<\/div>\n\t\t\t\t<div class=\"elementor-element elementor-element-136d4e2 elementor-widget thim-ekits-heading elementor-widget-thim-heading\" data-id=\"136d4e2\" data-element_type=\"widget\" data-widget_type=\"thim-heading.default\">\n\t\t\t\t<div class=\"elementor-widget-container\">\n\t\t\t\t\t<div class=\"sc_heading\"><div class=\"sub-heading\"><p>Capacitar al participante en el dominio integral de la contadur\u00eda p\u00fablica mediante la aplicaci\u00f3n de las NIF para la elaboraci\u00f3n de estados financieros, la gesti\u00f3n t\u00e9cnica de las contribuciones por sueldos y salarios, y el dise\u00f1o de estrategias de contabilidad de costos, con el fin de asegurar el cumplimiento legal en materia de seguridad social y fortalecer la salud financiera de las organizaciones.<\/p>\n<\/div><\/div>\t\t\t\t<\/div>\n\t\t\t\t<\/div>\n\t\t\t\t<div class=\"elementor-element elementor-element-d80802d elementor-widget thim-ekits-heading elementor-widget-thim-heading\" data-id=\"d80802d\" data-element_type=\"widget\" data-widget_type=\"thim-heading.default\">\n\t\t\t\t<div class=\"elementor-widget-container\">\n\t\t\t\t\t<div class=\"sc_heading\"><h2 class=\"title\">Objetivos Particulares <\/h2><\/div>\t\t\t\t<\/div>\n\t\t\t\t<\/div>\n\t\t\t\t<div class=\"elementor-element elementor-element-b446a45 elementor-widget elementor-widget-thim-ekits-header-info\" data-id=\"b446a45\" data-element_type=\"widget\" data-widget_type=\"thim-ekits-header-info.default\">\n\t\t\t\t<div class=\"elementor-widget-container\">\n\t\t\t\t\t\t\t<div class=\"header-info-swapper\">\n\t\t\t<ul class=\"thim-header-info\">\n\t\t\t\t\t\t\t\t\t\t<li>\n\t\t\t\t\t\t\t\t\t\t\t\t\t\t\t\t\t\t\t\t\t\t\t\t<span>\n\t\t\t\t\t\t\t\t\t<i aria-hidden=\"true\" class=\"tk tk-check\"><\/i>\t\t\t\t\t\t\t\t<\/span>\n\t\t\t\t\t\t\t\t\n\t\t\t\t\t\t\t\tAnalizar e implementar la estructura de las NIF para la correcta valuaci\u00f3n, presentaci\u00f3n y revelaci\u00f3n de los estados financieros b\u00e1sicos, permitiendo una interpretaci\u00f3n profunda de la situaci\u00f3n financiera de la entidad.\n\t\t\t\t\t\t\t\t\t\t\t\t\t\t<\/li>\n\t\t\t\t\t\t\t\t\t\t\t\t<li>\n\t\t\t\t\t\t\t\t\t\t\t\t\t\t\t\t\t\t\t\t\t\t\t\t<span>\n\t\t\t\t\t\t\t\t\t<i aria-hidden=\"true\" class=\"tk tk-check\"><\/i>\t\t\t\t\t\t\t\t<\/span>\n\t\t\t\t\t\t\t\t\n\t\t\t\t\t\t\t\tEjecutar con precisi\u00f3n el c\u00e1lculo del ISR aplicado a ingresos por sueldos y salarios, incluyendo casos especiales como aguinaldo, PTU y liquidaciones, bajo el marco legal vigente. \n\t\t\t\t\t\t\t\t\t\t\t\t\t\t<\/li>\n\t\t\t\t\t\t\t\t\t\t\t\t<li>\n\t\t\t\t\t\t\t\t\t\t\t\t\t\t\t\t\t\t\t\t\t\t\t\t<span>\n\t\t\t\t\t\t\t\t\t<i aria-hidden=\"true\" class=\"tk tk-check\"><\/i>\t\t\t\t\t\t\t\t<\/span>\n\t\t\t\t\t\t\t\t\n\t\t\t\t\t\t\t\tDesarrollar sistemas de costos (por \u00f3rdenes, procesos o actividades) para determinar el punto de equilibrio y facilitar la toma de decisiones estrat\u00e9gicas sobre la fabricaci\u00f3n o eliminaci\u00f3n de productos. \n\t\t\t\t\t\t\t\t\t\t\t\t\t\t<\/li>\n\t\t\t\t\t\t\t\t\t\t\t\t<li>\n\t\t\t\t\t\t\t\t\t\t\t\t\t\t\t\t\t\t\t\t\t\t\t\t<span>\n\t\t\t\t\t\t\t\t\t<i aria-hidden=\"true\" class=\"tk tk-check\"><\/i>\t\t\t\t\t\t\t\t<\/span>\n\t\t\t\t\t\t\t\t\n\t\t\t\t\t\t\t\tGestionar el control presupuestal de ventas y gastos como herramienta clave de la contabilidad administrativa para mejorar la eficiencia operativa y financiera. \n\t\t\t\t\t\t\t\t\t\t\t\t\t\t<\/li>\n\t\t\t\t\t\t\t\t\t\t\t\t<li>\n\t\t\t\t\t\t\t\t\t\t\t\t\t\t\t\t\t\t\t\t\t\t\t\t<span>\n\t\t\t\t\t\t\t\t\t<i aria-hidden=\"true\" class=\"tk tk-check\"><\/i>\t\t\t\t\t\t\t\t<\/span>\n\t\t\t\t\t\t\t\t\n\t\t\t\t\t\t\t\tDeterminar correctamente el Salario Base de Cotizaci\u00f3n y las cuotas obrero-patronales, cumpliendo con las disposiciones de la Ley del Seguro Social y la Ley Federal del Trabajo para evitar consecuencias por incumplimiento.\n\t\t\t\t\t\t\t\t\t\t\t\t\t\t<\/li>\n\t\t\t\t\t\t\t\t\t<\/ul>\n\t\t<\/div>\n\t\t\t\t\t\t<\/div>\n\t\t\t\t<\/div>\n\t\t\t\t<div class=\"elementor-element elementor-element-0f14cbe elementor-widget thim-ekits-heading elementor-widget-thim-heading\" data-id=\"0f14cbe\" data-element_type=\"widget\" data-widget_type=\"thim-heading.default\">\n\t\t\t\t<div class=\"elementor-widget-container\">\n\t\t\t\t\t<div class=\"sc_heading\"><h2 class=\"title\">Contenido Tem\u00e1tico <\/h2><\/div>\t\t\t\t<\/div>\n\t\t\t\t<\/div>\n\t\t\t\t<div class=\"elementor-element elementor-element-c93bce7 elementor-widget elementor-widget-text-editor\" data-id=\"c93bce7\" data-element_type=\"widget\" data-widget_type=\"text-editor.default\">\n\t\t\t\t\t\t\t\t\t<table border=\"1\" cellspacing=\"0\" cellpadding=\"5\">\n<thead>\n<tr>\n<th>M\u00f3dulo<\/th>\n<th>Tema<\/th>\n<\/tr>\n<\/thead>\n<tbody>\n<tr>\n<td>M\u00f3dulo I<\/td>\n<td> PROGRAMA DE NORMAS DE INFORMACI\u00d3N FINANCIERA<\/td>\n<\/tr>\n<tr>\n<td>M\u00f3dulo II<\/td>\n<td>IMPUESTO SOBRE LA RENTA (ISR) EN SUELDOS Y SALARIOS<\/td>\n<\/tr>\n<tr>\n<td>M\u00f3dulo III<\/td>\n<td>CONTABILIDAD ADMINISTRATIVA Y DE COSTOS<\/td>\n<\/tr>\n<tr>\n<td>M\u00f3dulo IV<\/td>\n<td>SEGURIDAD SOCIAL<\/td>\n<\/tr>\n<\/tbody>\n<\/table>\t\t\t\t\t\t\t\t<\/div>\n\t\t<div class=\"elementor-element elementor-element-05e2e66 e-flex e-con-boxed e-con e-child\" data-id=\"05e2e66\" data-element_type=\"container\">\n\t\t\t\t\t<div class=\"e-con-inner\">\n\t\t\t\t<div class=\"elementor-element elementor-element-9445b70 elementor-widget__width-inherit elementor-widget thim-widget-button\" data-id=\"9445b70\" data-element_type=\"widget\" data-widget_type=\"thim-button.default\">\n\t\t\t\t<div class=\"elementor-widget-container\">\n\t\t\t\t\t<a class=\"widget-button normal\" >MAPA CURRICULAR<\/a>\t\t\t\t<\/div>\n\t\t\t\t<\/div>\n\t\t\t\t\t<\/div>\n\t\t\t\t<\/div>\n\t\t\t\t<\/div>\n\t\t<div class=\"elementor-element elementor-element-e9acee4 e-con-full e-flex e-con e-child\" data-id=\"e9acee4\" data-element_type=\"container\">\n\t\t\t\t<div class=\"elementor-element elementor-element-21ef533 elementor-widget elementor-widget-thim-ekits-header-info\" data-id=\"21ef533\" data-element_type=\"widget\" data-widget_type=\"thim-ekits-header-info.default\">\n\t\t\t\t<div class=\"elementor-widget-container\">\n\t\t\t\t\t\t\t<div class=\"header-info-swapper\">\n\t\t\t<ul class=\"thim-header-info\">\n\t\t\t\t\t\t\t\t\t\t<li>\n\t\t\t\t\t\t\t\t\t\t\t\t\t\t<a href=\"https:\/\/colegiojuanpablosegundo.com.mx\/wp_2025\/diplomado-en-oralidad\/\">\n\t\t\t\t\t\t\t\t\t\t\t\t\t\t\t\t\n\t\t\t\t\t\t\t\tOralidad\n\t\t\t\t\t\t\t\t\t\t\t\t\t\t\t<\/a>\n\t\t\t\t\t\t\t\t\t\t\t\t<\/li>\n\t\t\t\t\t\t\t\t\t\t\t\t<li>\n\t\t\t\t\t\t\t\t\t\t\t\t\t\t<a href=\"https:\/\/colegiojuanpablosegundo.com.mx\/wp_2025\/diplomado-en-educacion-e-inlusion-educativa\/\">\n\t\t\t\t\t\t\t\t\t\t\t\t\t\t\t\t\n\t\t\t\t\t\t\t\tEducaci\u00f3n e Inclusi\u00f3n Educativa\n\t\t\t\t\t\t\t\t\t\t\t\t\t\t\t<\/a>\n\t\t\t\t\t\t\t\t\t\t\t\t<\/li>\n\t\t\t\t\t\t\t\t\t\t\t\t<li>\n\t\t\t\t\t\t\t\t\t\t\t\t\t\t<a href=\"https:\/\/colegiojuanpablosegundo.com.mx\/wp_2025\/diplomado-en-prevencion-y-atencion-contra-la-violencia-intrafamiliar\/\">\n\t\t\t\t\t\t\t\t\t\t\t\t\t\t\t\t\n\t\t\t\t\t\t\t\tPrevenci\u00f3n y Atenci\u00f3n contra la Violencia Familiar\n\t\t\t\t\t\t\t\t\t\t\t\t\t\t\t<\/a>\n\t\t\t\t\t\t\t\t\t\t\t\t<\/li>\n\t\t\t\t\t\t\t\t\t\t\t\t<li>\n\t\t\t\t\t\t\t\t\t\t\t\t\t\t<a href=\"https:\/\/colegiojuanpablosegundo.com.mx\/wp_2025\/diplomado-en-herramientas-para-la-gestion-de-negocios\/\">\n\t\t\t\t\t\t\t\t\t\t\t\t\t\t\t\t\n\t\t\t\t\t\t\t\tHerramientas para la Gesti\u00f3n de Negocios\n\t\t\t\t\t\t\t\t\t\t\t\t\t\t\t<\/a>\n\t\t\t\t\t\t\t\t\t\t\t\t<\/li>\n\t\t\t\t\t\t\t\t\t\t\t\t<li>\n\t\t\t\t\t\t\t\t\t\t\t\t\t\t<a href=\"https:\/\/colegiojuanpablosegundo.com.mx\/wp_2025\/diplomado-en-teoria-cognitivo-conductual\/\">\n\t\t\t\t\t\t\t\t\t\t\t\t\t\t\t\t\n\t\t\t\t\t\t\t\tTeror\u00eda Cognitivo Conductual\n\t\t\t\t\t\t\t\t\t\t\t\t\t\t\t<\/a>\n\t\t\t\t\t\t\t\t\t\t\t\t<\/li>\n\t\t\t\t\t\t\t\t\t\t\t\t<li>\n\t\t\t\t\t\t\t\t\t\t\t\t\t\t<a href=\"https:\/\/colegiojuanpablosegundo.com.mx\/wp_2025\/diplomado-en-contaduria-aplicada-y-estrategia-fiscal\/\">\n\t\t\t\t\t\t\t\t\t\t\t\t\t\t\t\t\n\t\t\t\t\t\t\t\tContadur\u00eda Aplicada y Estrategia Fiscal\n\t\t\t\t\t\t\t\t\t\t\t\t\t\t\t<\/a>\n\t\t\t\t\t\t\t\t\t\t\t\t<\/li>\n\t\t\t\t\t\t\t\t\t<\/ul>\n\t\t<\/div>\n\t\t\t\t\t\t<\/div>\n\t\t\t\t<\/div>\n\t\t\t\t<div class=\"elementor-element elementor-element-38b1518 elementor-widget elementor-widget-image\" data-id=\"38b1518\" data-element_type=\"widget\" data-widget_type=\"image.default\">\n\t\t\t\t\t\t\t\t\t\t\t\t\t\t\t<img decoding=\"async\" src=\"https:\/\/colegio-juanpablosegundo.edu.mx\/wp-content\/uploads\/2023\/09\/WhatsApp-Image-2023-08-07-at-4.23.08-PM-1.jpeg\" title=\"\" alt=\"\" loading=\"lazy\" \/>\t\t\t\t\t\t\t\t\t\t\t\t\t\t\t<\/div>\n\t\t\t\t<div class=\"elementor-element elementor-element-8364bcc elementor-widget thim-ekits-heading elementor-widget-thim-heading\" data-id=\"8364bcc\" data-element_type=\"widget\" data-widget_type=\"thim-heading.default\">\n\t\t\t\t<div class=\"elementor-widget-container\">\n\t\t\t\t\t<div class=\"sc_heading\"><\/div>\t\t\t\t<\/div>\n\t\t\t\t<\/div>\n\t\t\t\t<\/div>\n\t\t\t\t\t<\/div>\n\t\t\t\t<\/div>\n\t\t\t\t<\/div>\n\t\t","protected":false},"excerpt":{"rendered":"<p>Carga de Estudio: 1 hora Duraci\u00f3n: 1 a\u00f1o Ubicaci\u00f3n: Colegio Juan Pablo II Fechas: 20 feb &#8211; 15 Jun Justificaci\u00f3n En el din\u00e1mico entorno econ\u00f3mico y legislativo de M\u00e9xico, la contadur\u00eda p\u00fablica ha evolucionado de ser una disciplina de registro &hellip; <\/p>\n","protected":false},"author":1,"featured_media":0,"parent":0,"menu_order":0,"comment_status":"closed","ping_status":"closed","template":"","meta":{"_joinchat":[],"footnotes":""},"class_list":["post-16632","page","type-page","status-publish","hentry"],"_links":{"self":[{"href":"https:\/\/colegiojuanpablosegundo.com.mx\/wp_2025\/wp-json\/wp\/v2\/pages\/16632","targetHints":{"allow":["GET"]}}],"collection":[{"href":"https:\/\/colegiojuanpablosegundo.com.mx\/wp_2025\/wp-json\/wp\/v2\/pages"}],"about":[{"href":"https:\/\/colegiojuanpablosegundo.com.mx\/wp_2025\/wp-json\/wp\/v2\/types\/page"}],"author":[{"embeddable":true,"href":"https:\/\/colegiojuanpablosegundo.com.mx\/wp_2025\/wp-json\/wp\/v2\/users\/1"}],"replies":[{"embeddable":true,"href":"https:\/\/colegiojuanpablosegundo.com.mx\/wp_2025\/wp-json\/wp\/v2\/comments?post=16632"}],"version-history":[{"count":13,"href":"https:\/\/colegiojuanpablosegundo.com.mx\/wp_2025\/wp-json\/wp\/v2\/pages\/16632\/revisions"}],"predecessor-version":[{"id":16649,"href":"https:\/\/colegiojuanpablosegundo.com.mx\/wp_2025\/wp-json\/wp\/v2\/pages\/16632\/revisions\/16649"}],"wp:attachment":[{"href":"https:\/\/colegiojuanpablosegundo.com.mx\/wp_2025\/wp-json\/wp\/v2\/media?parent=16632"}],"curies":[{"name":"wp","href":"https:\/\/api.w.org\/{rel}","templated":true}]}}