{"id":16363,"date":"2025-12-17T14:29:08","date_gmt":"2025-12-17T14:29:08","guid":{"rendered":"https:\/\/colegiojuanpablosegundo.com.mx\/wp_2025\/?page_id=16363"},"modified":"2026-05-12T21:03:43","modified_gmt":"2026-05-12T21:03:43","slug":"diplomado-en-herramientas-para-la-gestion-de-negocios","status":"publish","type":"page","link":"https:\/\/colegiojuanpablosegundo.com.mx\/wp_2025\/diplomado-en-herramientas-para-la-gestion-de-negocios\/","title":{"rendered":"Diplomado en Herramientas para la Gesti\u00f3n de Negocios"},"content":{"rendered":"\t\t<div data-elementor-type=\"wp-page\" data-elementor-id=\"16363\" class=\"elementor elementor-16363\">\n\t\t\t\t<div class=\"elementor-element elementor-element-eaeedc6 e-flex e-con-boxed e-con e-parent\" data-id=\"eaeedc6\" data-element_type=\"container\">\n\t\t\t\t\t<div class=\"e-con-inner\">\n\t\t<div class=\"elementor-element elementor-element-215a29d e-con-full e-flex e-con e-child\" data-id=\"215a29d\" data-element_type=\"container\">\n\t\t<div class=\"elementor-element elementor-element-ac7f020 e-flex e-con-boxed e-con e-child\" data-id=\"ac7f020\" data-element_type=\"container\">\n\t\t\t\t\t<div class=\"e-con-inner\">\n\t\t<div class=\"elementor-element elementor-element-9418eae e-flex e-con-boxed e-con e-child\" data-id=\"9418eae\" data-element_type=\"container\">\n\t\t\t\t\t<div class=\"e-con-inner\">\n\t\t\t\t<div class=\"elementor-element elementor-element-3d4712b elementor-widget__width-initial elementor-widget thim-ekits-heading elementor-widget-thim-heading\" data-id=\"3d4712b\" data-element_type=\"widget\" data-widget_type=\"thim-heading.default\">\n\t\t\t\t<div class=\"elementor-widget-container\">\n\t\t\t\t\t<div class=\"sc_heading\"><p class=\"title\">Carga de Estudio: <\/p><\/div>\t\t\t\t<\/div>\n\t\t\t\t<\/div>\n\t\t\t\t<div class=\"elementor-element elementor-element-39ae191 elementor-widget__width-initial elementor-widget thim-ekits-heading elementor-widget-thim-heading\" data-id=\"39ae191\" data-element_type=\"widget\" data-widget_type=\"thim-heading.default\">\n\t\t\t\t<div class=\"elementor-widget-container\">\n\t\t\t\t\t<div class=\"sc_heading\"><span class=\"title\">1 hora <\/span><\/div>\t\t\t\t<\/div>\n\t\t\t\t<\/div>\n\t\t\t\t<div class=\"elementor-element elementor-element-68cafa9 elementor-widget-divider--view-line elementor-widget elementor-widget-divider\" data-id=\"68cafa9\" data-element_type=\"widget\" data-widget_type=\"divider.default\">\n\t\t\t\t\t\t\t<div class=\"elementor-divider\">\n\t\t\t<span class=\"elementor-divider-separator\">\n\t\t\t\t\t\t<\/span>\n\t\t<\/div>\n\t\t\t\t\t\t<\/div>\n\t\t\t\t<div class=\"elementor-element elementor-element-51ec555 elementor-widget__width-initial elementor-widget thim-ekits-heading elementor-widget-thim-heading\" data-id=\"51ec555\" data-element_type=\"widget\" data-widget_type=\"thim-heading.default\">\n\t\t\t\t<div class=\"elementor-widget-container\">\n\t\t\t\t\t<div class=\"sc_heading\"><p class=\"title\">Duraci\u00f3n: <\/p><\/div>\t\t\t\t<\/div>\n\t\t\t\t<\/div>\n\t\t\t\t<div class=\"elementor-element elementor-element-9fa8548 elementor-widget__width-initial elementor-widget thim-ekits-heading elementor-widget-thim-heading\" data-id=\"9fa8548\" data-element_type=\"widget\" data-widget_type=\"thim-heading.default\">\n\t\t\t\t<div class=\"elementor-widget-container\">\n\t\t\t\t\t<div class=\"sc_heading\"><span class=\"title\">1 a\u00f1o <\/span><\/div>\t\t\t\t<\/div>\n\t\t\t\t<\/div>\n\t\t\t\t<div class=\"elementor-element elementor-element-e07773b elementor-widget-divider--view-line elementor-widget elementor-widget-divider\" data-id=\"e07773b\" data-element_type=\"widget\" data-widget_type=\"divider.default\">\n\t\t\t\t\t\t\t<div class=\"elementor-divider\">\n\t\t\t<span class=\"elementor-divider-separator\">\n\t\t\t\t\t\t<\/span>\n\t\t<\/div>\n\t\t\t\t\t\t<\/div>\n\t\t\t\t\t<\/div>\n\t\t\t\t<\/div>\n\t\t<div class=\"elementor-element elementor-element-d4b35dc e-flex e-con-boxed e-con e-child\" data-id=\"d4b35dc\" data-element_type=\"container\">\n\t\t\t\t\t<div class=\"e-con-inner\">\n\t\t\t\t<div class=\"elementor-element elementor-element-5e40a69 elementor-widget__width-initial elementor-widget thim-ekits-heading elementor-widget-thim-heading\" data-id=\"5e40a69\" data-element_type=\"widget\" data-widget_type=\"thim-heading.default\">\n\t\t\t\t<div class=\"elementor-widget-container\">\n\t\t\t\t\t<div class=\"sc_heading\"><p class=\"title\">Ubicaci\u00f3n: <\/p><\/div>\t\t\t\t<\/div>\n\t\t\t\t<\/div>\n\t\t\t\t<div class=\"elementor-element elementor-element-9b1bf05 elementor-widget__width-initial elementor-widget thim-ekits-heading elementor-widget-thim-heading\" data-id=\"9b1bf05\" data-element_type=\"widget\" data-widget_type=\"thim-heading.default\">\n\t\t\t\t<div class=\"elementor-widget-container\">\n\t\t\t\t\t<div class=\"sc_heading\"><span class=\"title\">Colegio Juan Pablo II <\/span><\/div>\t\t\t\t<\/div>\n\t\t\t\t<\/div>\n\t\t\t\t<div class=\"elementor-element elementor-element-9e8926c elementor-widget-divider--view-line elementor-widget elementor-widget-divider\" data-id=\"9e8926c\" data-element_type=\"widget\" data-widget_type=\"divider.default\">\n\t\t\t\t\t\t\t<div class=\"elementor-divider\">\n\t\t\t<span class=\"elementor-divider-separator\">\n\t\t\t\t\t\t<\/span>\n\t\t<\/div>\n\t\t\t\t\t\t<\/div>\n\t\t\t\t<div class=\"elementor-element elementor-element-7fa9264 elementor-widget__width-initial elementor-widget thim-ekits-heading elementor-widget-thim-heading\" data-id=\"7fa9264\" data-element_type=\"widget\" data-widget_type=\"thim-heading.default\">\n\t\t\t\t<div class=\"elementor-widget-container\">\n\t\t\t\t\t<div class=\"sc_heading\"><p class=\"title\">Fechas: <\/p><\/div>\t\t\t\t<\/div>\n\t\t\t\t<\/div>\n\t\t\t\t<div class=\"elementor-element elementor-element-4561601 elementor-widget__width-initial elementor-widget thim-ekits-heading elementor-widget-thim-heading\" data-id=\"4561601\" data-element_type=\"widget\" data-widget_type=\"thim-heading.default\">\n\t\t\t\t<div class=\"elementor-widget-container\">\n\t\t\t\t\t<div class=\"sc_heading\"><span class=\"title\">20 feb   -   15 Jun <\/span><\/div>\t\t\t\t<\/div>\n\t\t\t\t<\/div>\n\t\t\t\t\t<\/div>\n\t\t\t\t<\/div>\n\t\t\t\t\t<\/div>\n\t\t\t\t<\/div>\n\t\t\t\t<div class=\"elementor-element elementor-element-cea855b elementor-widget thim-ekits-heading elementor-widget-thim-heading\" data-id=\"cea855b\" data-element_type=\"widget\" data-widget_type=\"thim-heading.default\">\n\t\t\t\t<div class=\"elementor-widget-container\">\n\t\t\t\t\t<div class=\"sc_heading\"><h2 class=\"title\">Justificaci\u00f3n <\/h2><div class=\"sub-heading\"><p>Es evidente que en nuestra sociedad la violencia se est\u00e1 incrementando y que en su origen se entrelazan factores econ\u00f3micos, pol\u00edticos, sociales, culturales e individuales, que condicionan en conjunto, respuestas agresivas y violentas de diferentes tipos, destacando entre ellas la familiar y la sexual. Estos tipos de violencia afectan a toda la sociedad, pero quienes principalmente sufren sus consecuencias son mujeres y ni\u00f1@s y en general, los miembros m\u00e1s vulnerables del n\u00facleo familiar, contribuyendo con ello a su desintegraci\u00f3n y a la p\u00e9rdida de valores humanos trascendentes.<\/p>\n<p>La violencia familiar fue considerada por mucho tiempo como un asunto privado, es solo hasta hace relativamente poco tiempo que por su magnitud y como producto del trabajo de diferentes grupos de mujeres de la sociedad civil, principalmente, se ha reconocido que este fen\u00f3meno tiene implicaciones que representan un obst\u00e1culo para el desarrollo en todos los \u00e1mbitos.<\/p>\n<p>La violencia atenta contra la integridad de la persona ya que involucra aspectos f\u00edsicos, emocionales y sociales; no obstante, la violencia familiar en los C\u00f3digos Penales de los Estados de la Rep\u00fablica no esta considerada como delito grave; los delitos sexuales por su actual tipificaci\u00f3n no dan respuesta integral a la v\u00edctima y existen muchas incongruencias en lo social y en lo jur\u00eddico.<\/p>\n<p>Lo anterior supone que la ideolog\u00eda que prevalece actualmente, posibilita que se mantengan tab\u00faes y mitos que generan, refuerzan e interiorizan sentimientos de culpa, miedo y verg\u00fcenza, lo que a su vez propicia que estos delitos se mantengan ocultos al reducirlos a un problema personal.<\/p>\n<p>La preocupaci\u00f3n por esta compleja problem\u00e1tica ha llevado a diversas organizaciones, tanto no gubernamentales como gubernamentales \u2013nacionales e internacionales- a dise\u00f1ar programas y proyectos espec\u00edficos; sus avances han sido promovidos en foros especializados donde se han analizado y discutido, metodolog\u00edas y enfoques que han permitido instrumentar acciones concretas para enfrentar el problema.<\/p>\n<p>Ante esta situaci\u00f3n, en nuestro Estado, resulta evidente la necesidad de buscar alternativas amplias de soluci\u00f3n, tanto para la prevenci\u00f3n como para la atenci\u00f3n integral al problema, lo que supone una serie de tareas que van desde el esclarecimiento del origen hist\u00f3rico de la violencia de g\u00e9nero, la comprensi\u00f3n de sus manifestaciones psicosociales, la capacitaci\u00f3n de personal especializado en su atenci\u00f3n y manejo desde diversas disciplinas, la investigaci\u00f3n que deber\u00e1 dar cuenta de sus dimensiones en cuanto a lo local y regional y finalmente, el dise\u00f1o de pol\u00edticas p\u00fablicas que contribuyan a generar un cambio de actitudes que permeen la estructura familiar y social. Cabe se\u00f1alar el creciente inter\u00e9s del sector acad\u00e9mico por contribuir a la investigaci\u00f3n, estudio, capacitaci\u00f3n y difusi\u00f3n con relaci\u00f3n a la violencia de g\u00e9nero.<\/p>\n<p>En este contexto se propone la instrumentaci\u00f3n del presente Diplomado con el prop\u00f3sito central de formar profesionistas desde una perspectiva multidisciplinaria, cient\u00edfica y actual, que contribuya a erradicar la violencia y a fomentar relaciones de respeto y equidad.<\/p>\n<\/div><\/div>\t\t\t\t<\/div>\n\t\t\t\t<\/div>\n\t\t\t\t<div class=\"elementor-element elementor-element-5169669 elementor-widget thim-ekits-heading elementor-widget-thim-heading\" data-id=\"5169669\" data-element_type=\"widget\" data-widget_type=\"thim-heading.default\">\n\t\t\t\t<div class=\"elementor-widget-container\">\n\t\t\t\t\t<div class=\"sc_heading\"><h2 class=\"title\">OBJETIVO GENERAL <\/h2><\/div>\t\t\t\t<\/div>\n\t\t\t\t<\/div>\n\t\t\t\t<div class=\"elementor-element elementor-element-136d4e2 elementor-widget thim-ekits-heading elementor-widget-thim-heading\" data-id=\"136d4e2\" data-element_type=\"widget\" data-widget_type=\"thim-heading.default\">\n\t\t\t\t<div class=\"elementor-widget-container\">\n\t\t\t\t\t<div class=\"sc_heading\"><div class=\"sub-heading\"><p>Promover un espacio de an\u00e1lisis y reflexi\u00f3n colectiva en torno a la violencia familiar y sexual, as\u00ed como de los instrumentos te\u00f3rico-metodol\u00f3gicos para su detecci\u00f3n, prevenci\u00f3n y atenci\u00f3n, a partir de los cuales se generen diversas estrategias de intervenci\u00f3n, desde un enfoque multidisciplinario, que responda a las necesidades del contexto regional, de acuerdo a la formaci\u00f3n y experiencia profesional de cada participante.<\/p>\n<\/div><\/div>\t\t\t\t<\/div>\n\t\t\t\t<\/div>\n\t\t\t\t<div class=\"elementor-element elementor-element-d80802d elementor-widget thim-ekits-heading elementor-widget-thim-heading\" data-id=\"d80802d\" data-element_type=\"widget\" data-widget_type=\"thim-heading.default\">\n\t\t\t\t<div class=\"elementor-widget-container\">\n\t\t\t\t\t<div class=\"sc_heading\"><h2 class=\"title\">Objetivos Particulares <\/h2><\/div>\t\t\t\t<\/div>\n\t\t\t\t<\/div>\n\t\t\t\t<div class=\"elementor-element elementor-element-b446a45 elementor-widget elementor-widget-thim-ekits-header-info\" data-id=\"b446a45\" data-element_type=\"widget\" data-widget_type=\"thim-ekits-header-info.default\">\n\t\t\t\t<div class=\"elementor-widget-container\">\n\t\t\t\t\t\t\t<div class=\"header-info-swapper\">\n\t\t\t<ul class=\"thim-header-info\">\n\t\t\t\t\t\t\t\t\t\t<li>\n\t\t\t\t\t\t\t\t\t\t\t\t\t\t\t\t\t\t\t\t\t\t\t\t<span>\n\t\t\t\t\t\t\t\t\t<i aria-hidden=\"true\" class=\"tk tk-check\"><\/i>\t\t\t\t\t\t\t\t<\/span>\n\t\t\t\t\t\t\t\t\n\t\t\t\t\t\t\t\tReconocer la violencia intrafamiliar como un problema social grave, que afecta el desarrollo arm\u00f3nico individual, familiar y social.\n\t\t\t\t\t\t\t\t\t\t\t\t\t\t<\/li>\n\t\t\t\t\t\t\t\t\t\t\t\t<li>\n\t\t\t\t\t\t\t\t\t\t\t\t\t\t\t\t\t\t\t\t\t\t\t\t<span>\n\t\t\t\t\t\t\t\t\t<i aria-hidden=\"true\" class=\"tk tk-check\"><\/i>\t\t\t\t\t\t\t\t<\/span>\n\t\t\t\t\t\t\t\t\n\t\t\t\t\t\t\t\tUbicar el papel hist\u00f3rico de la cultura y la educaci\u00f3n en la reproducci\u00f3n de la violencia intrafamiliar y los principales movimientos sociales que han surgido como alternativa para su eliminaci\u00f3n.\n\t\t\t\t\t\t\t\t\t\t\t\t\t\t<\/li>\n\t\t\t\t\t\t\t\t\t\t\t\t<li>\n\t\t\t\t\t\t\t\t\t\t\t\t\t\t\t\t\t\t\t\t\t\t\t\t<span>\n\t\t\t\t\t\t\t\t\t<i aria-hidden=\"true\" class=\"tk tk-check\"><\/i>\t\t\t\t\t\t\t\t<\/span>\n\t\t\t\t\t\t\t\t\n\t\t\t\t\t\t\t\tAnalizar los aspectos legales para la soluci\u00f3n de los problemas inmediatos y de largo plazo.\n\t\t\t\t\t\t\t\t\t\t\t\t\t\t<\/li>\n\t\t\t\t\t\t\t\t\t\t\t\t<li>\n\t\t\t\t\t\t\t\t\t\t\t\t\t\t\t\t\t\t\t\t\t\t\t\t<span>\n\t\t\t\t\t\t\t\t\t<i aria-hidden=\"true\" class=\"tk tk-check\"><\/i>\t\t\t\t\t\t\t\t<\/span>\n\t\t\t\t\t\t\t\t\n\t\t\t\t\t\t\t\tRevisar diferentes estrategias para la detecci\u00f3n, atenci\u00f3n y tratamiento a personas en situaci\u00f3n de violencia familiar y sexual.\n\t\t\t\t\t\t\t\t\t\t\t\t\t\t<\/li>\n\t\t\t\t\t\t\t\t\t\t\t\t<li>\n\t\t\t\t\t\t\t\t\t\t\t\t\t\t\t\t\t\t\t\t\t\t\t\t<span>\n\t\t\t\t\t\t\t\t\t<i aria-hidden=\"true\" class=\"tk tk-check\"><\/i>\t\t\t\t\t\t\t\t<\/span>\n\t\t\t\t\t\t\t\t\n\t\t\t\t\t\t\t\tEstablecer la importancia de potenciar nuevas relaciones de g\u00e9nero, as\u00ed como su impacto en el \u00e1mbito personal, familiar, jur\u00eddico y social.\n\t\t\t\t\t\t\t\t\t\t\t\t\t\t<\/li>\n\t\t\t\t\t\t\t\t\t<\/ul>\n\t\t<\/div>\n\t\t\t\t\t\t<\/div>\n\t\t\t\t<\/div>\n\t\t\t\t<div class=\"elementor-element elementor-element-0f14cbe elementor-widget thim-ekits-heading elementor-widget-thim-heading\" data-id=\"0f14cbe\" data-element_type=\"widget\" data-widget_type=\"thim-heading.default\">\n\t\t\t\t<div class=\"elementor-widget-container\">\n\t\t\t\t\t<div class=\"sc_heading\"><h2 class=\"title\">Contenido Tem\u00e1tico <\/h2><\/div>\t\t\t\t<\/div>\n\t\t\t\t<\/div>\n\t\t\t\t<div class=\"elementor-element elementor-element-c93bce7 elementor-widget elementor-widget-text-editor\" data-id=\"c93bce7\" data-element_type=\"widget\" data-widget_type=\"text-editor.default\">\n\t\t\t\t\t\t\t\t\t<table border=\"1\" cellspacing=\"0\" cellpadding=\"5\">\n  <thead>\n    <tr>\n      <th>M\u00f3dulo<\/th>\n      <th>Tema<\/th>\n    <\/tr>\n  <\/thead>\n  <tbody>\n    <tr>\n      <td colspan=\"2\"><strong>PARTE 1: Violencia y familia. Una introducci\u00f3n al problema social de la violencia intrafamiliar<\/strong><\/td>\n    <\/tr>\n    <tr>\n      <td>M\u00f3dulo I<\/td>\n      <td>Contexto cultural y social de la violencia<\/td>\n    <\/tr>\n    <tr>\n      <td>M\u00f3dulo II<\/td>\n      <td>Estrategias de detecci\u00f3n y atenci\u00f3n<\/td>\n    <\/tr>\n    <tr>\n      <td>M\u00f3dulo III<\/td>\n      <td>Prospectiva y perspectiva del fen\u00f3meno de la violencia<\/td>\n    <\/tr>\n    <tr>\n      <td>M\u00f3dulo IV<\/td>\n      <td>Aspectos legales<\/td>\n    <\/tr>\n    <tr>\n      <td>M\u00f3dulo V<\/td>\n      <td>Estrategias de prevenci\u00f3n<\/td>\n    <\/tr>\n    <tr>\n      <td colspan=\"2\"><strong>PARTE 2: Fenomenolog\u00eda de la violencia intrafamiliar. An\u00e1lisis de la fenomenolog\u00eda diversa en la violencia intrafamiliar<\/strong><\/td>\n    <\/tr>\n    <tr>\n      <td>M\u00f3dulo VI<\/td>\n      <td>Violencia en las relaciones de pareja. Un an\u00e1lisis psicol\u00f3gico<\/td>\n    <\/tr>\n    <tr>\n      <td>M\u00f3dulo VII<\/td>\n      <td>Violencia y maltrato sobre menores<\/td>\n    <\/tr>\n    <tr>\n      <td>M\u00f3dulo VIII<\/td>\n      <td>Violencia de hijos contra padres<\/td>\n    <\/tr>\n    <tr>\n      <td>M\u00f3dulo IX<\/td>\n      <td>Violencia intrafamiliar sobre personas mayores<\/td>\n    <\/tr>\n  <\/tbody>\n<\/table>\n\t\t\t\t\t\t\t\t<\/div>\n\t\t<div class=\"elementor-element elementor-element-05e2e66 e-flex e-con-boxed e-con e-child\" data-id=\"05e2e66\" data-element_type=\"container\">\n\t\t\t\t\t<div class=\"e-con-inner\">\n\t\t\t\t<div class=\"elementor-element elementor-element-9445b70 elementor-widget__width-inherit elementor-widget thim-widget-button\" data-id=\"9445b70\" data-element_type=\"widget\" data-widget_type=\"thim-button.default\">\n\t\t\t\t<div class=\"elementor-widget-container\">\n\t\t\t\t\t<a class=\"widget-button normal\" href=\"#\">MAPA CURRICULAR<\/a>\t\t\t\t<\/div>\n\t\t\t\t<\/div>\n\t\t\t\t\t<\/div>\n\t\t\t\t<\/div>\n\t\t\t\t<\/div>\n\t\t<div class=\"elementor-element elementor-element-e9acee4 e-con-full e-flex e-con e-child\" data-id=\"e9acee4\" data-element_type=\"container\">\n\t\t\t\t<div class=\"elementor-element elementor-element-21ef533 elementor-widget elementor-widget-thim-ekits-header-info\" data-id=\"21ef533\" data-element_type=\"widget\" data-widget_type=\"thim-ekits-header-info.default\">\n\t\t\t\t<div class=\"elementor-widget-container\">\n\t\t\t\t\t\t\t<div class=\"header-info-swapper\">\n\t\t\t<ul class=\"thim-header-info\">\n\t\t\t\t\t\t\t\t\t\t<li>\n\t\t\t\t\t\t\t\t\t\t\t\t\t\t<a href=\"https:\/\/colegiojuanpablosegundo.com.mx\/wp_2025\/diplomado-en-oralidad\/\">\n\t\t\t\t\t\t\t\t\t\t\t\t\t\t\t\t\n\t\t\t\t\t\t\t\tOralidad\n\t\t\t\t\t\t\t\t\t\t\t\t\t\t\t<\/a>\n\t\t\t\t\t\t\t\t\t\t\t\t<\/li>\n\t\t\t\t\t\t\t\t\t\t\t\t<li>\n\t\t\t\t\t\t\t\t\t\t\t\t\t\t<a href=\"https:\/\/colegiojuanpablosegundo.com.mx\/wp_2025\/diplomado-en-educacion-e-inlusion-educativa\/\">\n\t\t\t\t\t\t\t\t\t\t\t\t\t\t\t\t\n\t\t\t\t\t\t\t\tEducaci\u00f3n e Inclusi\u00f3n Educativa\n\t\t\t\t\t\t\t\t\t\t\t\t\t\t\t<\/a>\n\t\t\t\t\t\t\t\t\t\t\t\t<\/li>\n\t\t\t\t\t\t\t\t\t\t\t\t<li>\n\t\t\t\t\t\t\t\t\t\t\t\t\t\t<a href=\"https:\/\/colegiojuanpablosegundo.com.mx\/wp_2025\/diplomado-en-prevencion-y-atencion-contra-la-violencia-intrafamiliar\/\">\n\t\t\t\t\t\t\t\t\t\t\t\t\t\t\t\t\n\t\t\t\t\t\t\t\tPrevenci\u00f3n y Atenci\u00f3n contra la Violencia Familiar\n\t\t\t\t\t\t\t\t\t\t\t\t\t\t\t<\/a>\n\t\t\t\t\t\t\t\t\t\t\t\t<\/li>\n\t\t\t\t\t\t\t\t\t\t\t\t<li>\n\t\t\t\t\t\t\t\t\t\t\t\t\t\t<a href=\"https:\/\/colegiojuanpablosegundo.com.mx\/wp_2025\/diplomado-en-herramientas-para-la-gestion-de-negocios\/\">\n\t\t\t\t\t\t\t\t\t\t\t\t\t\t\t\t\n\t\t\t\t\t\t\t\tHerramientas para la Gesti\u00f3n de Negocios\n\t\t\t\t\t\t\t\t\t\t\t\t\t\t\t<\/a>\n\t\t\t\t\t\t\t\t\t\t\t\t<\/li>\n\t\t\t\t\t\t\t\t\t\t\t\t<li>\n\t\t\t\t\t\t\t\t\t\t\t\t\t\t<a href=\"https:\/\/colegiojuanpablosegundo.com.mx\/wp_2025\/diplomado-en-teoria-cognitivo-conductual\/\">\n\t\t\t\t\t\t\t\t\t\t\t\t\t\t\t\t\n\t\t\t\t\t\t\t\tTeror\u00eda Cognitivo Conductual\n\t\t\t\t\t\t\t\t\t\t\t\t\t\t\t<\/a>\n\t\t\t\t\t\t\t\t\t\t\t\t<\/li>\n\t\t\t\t\t\t\t\t\t\t\t\t<li>\n\t\t\t\t\t\t\t\t\t\t\t\t\t\t<a href=\"https:\/\/colegiojuanpablosegundo.com.mx\/wp_2025\/diplomado-en-contaduria-aplicada-y-estrategia-fiscal\/\">\n\t\t\t\t\t\t\t\t\t\t\t\t\t\t\t\t\n\t\t\t\t\t\t\t\tContadur\u00eda Aplicada y Estrategia Fiscal\n\t\t\t\t\t\t\t\t\t\t\t\t\t\t\t<\/a>\n\t\t\t\t\t\t\t\t\t\t\t\t<\/li>\n\t\t\t\t\t\t\t\t\t<\/ul>\n\t\t<\/div>\n\t\t\t\t\t\t<\/div>\n\t\t\t\t<\/div>\n\t\t\t\t<div class=\"elementor-element elementor-element-38b1518 elementor-widget elementor-widget-image\" data-id=\"38b1518\" data-element_type=\"widget\" data-widget_type=\"image.default\">\n\t\t\t\t\t\t\t\t\t\t\t\t\t\t\t<img decoding=\"async\" src=\"https:\/\/colegio-juanpablosegundo.edu.mx\/wp-content\/uploads\/2023\/09\/WhatsApp-Image-2023-08-07-at-4.23.08-PM-2.jpeg\" title=\"\" alt=\"\" loading=\"lazy\" \/>\t\t\t\t\t\t\t\t\t\t\t\t\t\t\t<\/div>\n\t\t\t\t<div class=\"elementor-element elementor-element-8364bcc elementor-widget thim-ekits-heading elementor-widget-thim-heading\" data-id=\"8364bcc\" data-element_type=\"widget\" data-widget_type=\"thim-heading.default\">\n\t\t\t\t<div class=\"elementor-widget-container\">\n\t\t\t\t\t<div class=\"sc_heading\"><\/div>\t\t\t\t<\/div>\n\t\t\t\t<\/div>\n\t\t\t\t<\/div>\n\t\t\t\t\t<\/div>\n\t\t\t\t<\/div>\n\t\t\t\t<\/div>\n\t\t","protected":false},"excerpt":{"rendered":"<p>Carga de Estudio: 1 hora Duraci\u00f3n: 1 a\u00f1o Ubicaci\u00f3n: Colegio Juan Pablo II Fechas: 20 feb &#8211; 15 Jun Justificaci\u00f3n Es evidente que en nuestra sociedad la violencia se est\u00e1 incrementando y que en su origen se entrelazan factores econ\u00f3micos, &hellip; <\/p>\n","protected":false},"author":1,"featured_media":0,"parent":0,"menu_order":0,"comment_status":"closed","ping_status":"closed","template":"","meta":{"_joinchat":[],"footnotes":""},"class_list":["post-16363","page","type-page","status-publish","hentry"],"_links":{"self":[{"href":"https:\/\/colegiojuanpablosegundo.com.mx\/wp_2025\/wp-json\/wp\/v2\/pages\/16363","targetHints":{"allow":["GET"]}}],"collection":[{"href":"https:\/\/colegiojuanpablosegundo.com.mx\/wp_2025\/wp-json\/wp\/v2\/pages"}],"about":[{"href":"https:\/\/colegiojuanpablosegundo.com.mx\/wp_2025\/wp-json\/wp\/v2\/types\/page"}],"author":[{"embeddable":true,"href":"https:\/\/colegiojuanpablosegundo.com.mx\/wp_2025\/wp-json\/wp\/v2\/users\/1"}],"replies":[{"embeddable":true,"href":"https:\/\/colegiojuanpablosegundo.com.mx\/wp_2025\/wp-json\/wp\/v2\/comments?post=16363"}],"version-history":[{"count":13,"href":"https:\/\/colegiojuanpablosegundo.com.mx\/wp_2025\/wp-json\/wp\/v2\/pages\/16363\/revisions"}],"predecessor-version":[{"id":16664,"href":"https:\/\/colegiojuanpablosegundo.com.mx\/wp_2025\/wp-json\/wp\/v2\/pages\/16363\/revisions\/16664"}],"wp:attachment":[{"href":"https:\/\/colegiojuanpablosegundo.com.mx\/wp_2025\/wp-json\/wp\/v2\/media?parent=16363"}],"curies":[{"name":"wp","href":"https:\/\/api.w.org\/{rel}","templated":true}]}}