{"id":16341,"date":"2025-12-17T14:18:38","date_gmt":"2025-12-17T14:18:38","guid":{"rendered":"https:\/\/colegiojuanpablosegundo.com.mx\/wp_2025\/?page_id=16341"},"modified":"2026-05-12T21:01:38","modified_gmt":"2026-05-12T21:01:38","slug":"diplomado-en-educacion-e-inlusion-educativa","status":"publish","type":"page","link":"https:\/\/colegiojuanpablosegundo.com.mx\/wp_2025\/diplomado-en-educacion-e-inlusion-educativa\/","title":{"rendered":"Diplomado en Educaci\u00f3n e Inlusi\u00f3n Educativa"},"content":{"rendered":"\t\t<div data-elementor-type=\"wp-page\" data-elementor-id=\"16341\" class=\"elementor elementor-16341\">\n\t\t\t\t<div class=\"elementor-element elementor-element-eaeedc6 e-flex e-con-boxed e-con e-parent\" data-id=\"eaeedc6\" data-element_type=\"container\">\n\t\t\t\t\t<div class=\"e-con-inner\">\n\t\t<div class=\"elementor-element elementor-element-215a29d e-con-full e-flex e-con e-child\" data-id=\"215a29d\" data-element_type=\"container\">\n\t\t<div class=\"elementor-element elementor-element-ac7f020 e-flex e-con-boxed e-con e-child\" data-id=\"ac7f020\" data-element_type=\"container\">\n\t\t\t\t\t<div class=\"e-con-inner\">\n\t\t<div class=\"elementor-element elementor-element-9418eae e-flex e-con-boxed e-con e-child\" data-id=\"9418eae\" data-element_type=\"container\">\n\t\t\t\t\t<div class=\"e-con-inner\">\n\t\t\t\t<div class=\"elementor-element elementor-element-3d4712b elementor-widget__width-initial elementor-widget thim-ekits-heading elementor-widget-thim-heading\" data-id=\"3d4712b\" data-element_type=\"widget\" data-widget_type=\"thim-heading.default\">\n\t\t\t\t<div class=\"elementor-widget-container\">\n\t\t\t\t\t<div class=\"sc_heading\"><p class=\"title\">Carga de Estudio: <\/p><\/div>\t\t\t\t<\/div>\n\t\t\t\t<\/div>\n\t\t\t\t<div class=\"elementor-element elementor-element-39ae191 elementor-widget__width-initial elementor-widget thim-ekits-heading elementor-widget-thim-heading\" data-id=\"39ae191\" data-element_type=\"widget\" data-widget_type=\"thim-heading.default\">\n\t\t\t\t<div class=\"elementor-widget-container\">\n\t\t\t\t\t<div class=\"sc_heading\"><span class=\"title\">1 hora <\/span><\/div>\t\t\t\t<\/div>\n\t\t\t\t<\/div>\n\t\t\t\t<div class=\"elementor-element elementor-element-68cafa9 elementor-widget-divider--view-line elementor-widget elementor-widget-divider\" data-id=\"68cafa9\" data-element_type=\"widget\" data-widget_type=\"divider.default\">\n\t\t\t\t\t\t\t<div class=\"elementor-divider\">\n\t\t\t<span class=\"elementor-divider-separator\">\n\t\t\t\t\t\t<\/span>\n\t\t<\/div>\n\t\t\t\t\t\t<\/div>\n\t\t\t\t<div class=\"elementor-element elementor-element-51ec555 elementor-widget__width-initial elementor-widget thim-ekits-heading elementor-widget-thim-heading\" data-id=\"51ec555\" data-element_type=\"widget\" data-widget_type=\"thim-heading.default\">\n\t\t\t\t<div class=\"elementor-widget-container\">\n\t\t\t\t\t<div class=\"sc_heading\"><p class=\"title\">Duraci\u00f3n: <\/p><\/div>\t\t\t\t<\/div>\n\t\t\t\t<\/div>\n\t\t\t\t<div class=\"elementor-element elementor-element-9fa8548 elementor-widget__width-initial elementor-widget thim-ekits-heading elementor-widget-thim-heading\" data-id=\"9fa8548\" data-element_type=\"widget\" data-widget_type=\"thim-heading.default\">\n\t\t\t\t<div class=\"elementor-widget-container\">\n\t\t\t\t\t<div class=\"sc_heading\"><span class=\"title\">1 a\u00f1o <\/span><\/div>\t\t\t\t<\/div>\n\t\t\t\t<\/div>\n\t\t\t\t<div class=\"elementor-element elementor-element-e07773b elementor-widget-divider--view-line elementor-widget elementor-widget-divider\" data-id=\"e07773b\" data-element_type=\"widget\" data-widget_type=\"divider.default\">\n\t\t\t\t\t\t\t<div class=\"elementor-divider\">\n\t\t\t<span class=\"elementor-divider-separator\">\n\t\t\t\t\t\t<\/span>\n\t\t<\/div>\n\t\t\t\t\t\t<\/div>\n\t\t\t\t\t<\/div>\n\t\t\t\t<\/div>\n\t\t<div class=\"elementor-element elementor-element-d4b35dc e-flex e-con-boxed e-con e-child\" data-id=\"d4b35dc\" data-element_type=\"container\">\n\t\t\t\t\t<div class=\"e-con-inner\">\n\t\t\t\t<div class=\"elementor-element elementor-element-5e40a69 elementor-widget__width-initial elementor-widget thim-ekits-heading elementor-widget-thim-heading\" data-id=\"5e40a69\" data-element_type=\"widget\" data-widget_type=\"thim-heading.default\">\n\t\t\t\t<div class=\"elementor-widget-container\">\n\t\t\t\t\t<div class=\"sc_heading\"><p class=\"title\">Ubicaci\u00f3n: <\/p><\/div>\t\t\t\t<\/div>\n\t\t\t\t<\/div>\n\t\t\t\t<div class=\"elementor-element elementor-element-9b1bf05 elementor-widget__width-initial elementor-widget thim-ekits-heading elementor-widget-thim-heading\" data-id=\"9b1bf05\" data-element_type=\"widget\" data-widget_type=\"thim-heading.default\">\n\t\t\t\t<div class=\"elementor-widget-container\">\n\t\t\t\t\t<div class=\"sc_heading\"><span class=\"title\">Colegio Juan Pablo II <\/span><\/div>\t\t\t\t<\/div>\n\t\t\t\t<\/div>\n\t\t\t\t<div class=\"elementor-element elementor-element-9e8926c elementor-widget-divider--view-line elementor-widget elementor-widget-divider\" data-id=\"9e8926c\" data-element_type=\"widget\" data-widget_type=\"divider.default\">\n\t\t\t\t\t\t\t<div class=\"elementor-divider\">\n\t\t\t<span class=\"elementor-divider-separator\">\n\t\t\t\t\t\t<\/span>\n\t\t<\/div>\n\t\t\t\t\t\t<\/div>\n\t\t\t\t<div class=\"elementor-element elementor-element-7fa9264 elementor-widget__width-initial elementor-widget thim-ekits-heading elementor-widget-thim-heading\" data-id=\"7fa9264\" data-element_type=\"widget\" data-widget_type=\"thim-heading.default\">\n\t\t\t\t<div class=\"elementor-widget-container\">\n\t\t\t\t\t<div class=\"sc_heading\"><p class=\"title\">Fechas: <\/p><\/div>\t\t\t\t<\/div>\n\t\t\t\t<\/div>\n\t\t\t\t<div class=\"elementor-element elementor-element-4561601 elementor-widget__width-initial elementor-widget thim-ekits-heading elementor-widget-thim-heading\" data-id=\"4561601\" data-element_type=\"widget\" data-widget_type=\"thim-heading.default\">\n\t\t\t\t<div class=\"elementor-widget-container\">\n\t\t\t\t\t<div class=\"sc_heading\"><span class=\"title\">20 feb   -   15 Jun <\/span><\/div>\t\t\t\t<\/div>\n\t\t\t\t<\/div>\n\t\t\t\t\t<\/div>\n\t\t\t\t<\/div>\n\t\t\t\t\t<\/div>\n\t\t\t\t<\/div>\n\t\t\t\t<div class=\"elementor-element elementor-element-cea855b elementor-widget thim-ekits-heading elementor-widget-thim-heading\" data-id=\"cea855b\" data-element_type=\"widget\" data-widget_type=\"thim-heading.default\">\n\t\t\t\t<div class=\"elementor-widget-container\">\n\t\t\t\t\t<div class=\"sc_heading\"><h2 class=\"title\">Justificaci\u00f3n <\/h2><div class=\"sub-heading\"><p>Desde la promulgaci\u00f3n de la Constituci\u00f3n de 1917, la educaci\u00f3n ha sido considerada un derecho de todos los habitantes de la naci\u00f3n mexicana. Al redactar el art\u00edculo 3\u00b0, los constituyentes de Quer\u00e9taro consideraron que este derecho deb\u00eda extenderse a toda la ni\u00f1ez mexicana sin excepciones. \u00c9sta es quiz\u00e1 la primera declaraci\u00f3n relacionada con educaci\u00f3n inclusiva que podemos ver en nuestro pa\u00eds. Han pasado m\u00e1s de 100 a\u00f1os desde la construcci\u00f3n de nuestra actual Constituci\u00f3n Pol\u00edtica, y el sue\u00f1o de que la educaci\u00f3n alcanzara a toda la poblaci\u00f3n ha quedado en ello, en un sue\u00f1o. A pesar de los a\u00f1os invertidos en este sue\u00f1o, grandes sectores de la poblaci\u00f3n siguen quedando excluidos de este derecho.<\/p>\n<p>Ante el avance del nuevo siglo, en pleno apogeo de los fen\u00f3menos de la globalizaci\u00f3n econ\u00f3mica y cultural y del arribo de las sociedades de la informaci\u00f3n y del conocimiento; la educaci\u00f3n en nuestro pa\u00eds enfrenta grandes retos. Algunos de ellos son: el mejoramiento de los logros del aprendizaje en todos los niveles y modalidades de educaci\u00f3n p\u00fablica, la construcci\u00f3n de una cultura de convivencia escolar sana en las escuelas de todo el pa\u00eds y, sobre todo, el reto de la educaci\u00f3n inclusiva.<\/p>\n<p>En septiembre del 2016, la UNICEF present\u00f3 su estudio Ni\u00f1as y ni\u00f1os fuera de la escuela: M\u00e9xico. En \u00e9l se afirma que en nuestro pa\u00eds existen 4.1 millones de ni\u00f1os fuera de las escuelas, excluidos del sistema educativo, y cerca de 640 mil ni\u00f1os est\u00e1n en riesgo de abandonar las aulas.<\/p>\n<p>De acuerdo con el citado estudio, Los resultados muestran que los grupos que menos ven cumplido su derecho a la educaci\u00f3n son los siguientes: 1) ni\u00f1os y ni\u00f1as con alguna discapacidad; 2) quienes residen en \u00e1mbitos rurales; 3) la poblaci\u00f3n de origen ind\u00edgena; 4) los ni\u00f1os que trabajan, y 5) quienes habitan en hogares de bajo nivel de ingreso. Asimismo, se observa una relaci\u00f3n m\u00e1s estrecha entre la condici\u00f3n de asistir a la escuela y alguna de las siguientes caracter\u00edsticas: el jefe de familia es analfabeto; tiene baja escolaridad; es hablante de alguna lengua ind\u00edgena; el hogar es de tipo familiar ampliado y\/o el hogar tiene jefatura femenina (UNICEF, 2016, p. 11).<\/p>\n<p>En consecuencia, resulta imperante para todos los que laboramos de una u otra manera en la educaci\u00f3n afrontar el compromiso de construir una cultura de inclusi\u00f3n en nuestro pa\u00eds.<\/p>\n<\/div><\/div>\t\t\t\t<\/div>\n\t\t\t\t<\/div>\n\t\t\t\t<div class=\"elementor-element elementor-element-5169669 elementor-widget thim-ekits-heading elementor-widget-thim-heading\" data-id=\"5169669\" data-element_type=\"widget\" data-widget_type=\"thim-heading.default\">\n\t\t\t\t<div class=\"elementor-widget-container\">\n\t\t\t\t\t<div class=\"sc_heading\"><h2 class=\"title\">OBJETIVO GENERAL <\/h2><\/div>\t\t\t\t<\/div>\n\t\t\t\t<\/div>\n\t\t\t\t<div class=\"elementor-element elementor-element-136d4e2 elementor-widget thim-ekits-heading elementor-widget-thim-heading\" data-id=\"136d4e2\" data-element_type=\"widget\" data-widget_type=\"thim-heading.default\">\n\t\t\t\t<div class=\"elementor-widget-container\">\n\t\t\t\t\t<div class=\"sc_heading\"><div class=\"sub-heading\"><p>Al t\u00e9rmino del Diplomado, el alumno lograr\u00e1 comprender el enfoque de atenci\u00f3n a la diversidad y los principios que sustentan la inclusi\u00f3n educativa, identificando factores que favorecen o dificultan una respuesta de calidad a todos\/as los\/as estudiantes. as\u00ed mismo, le permitir\u00e1 proponer acciones hacia el centro educativo y el aula para responder a la diversidad sobre la base del respeto y la valoraci\u00f3n de las diferencias, considerando aspectos referidos a la cultura, la gesti\u00f3n y las pr\u00e1cticas inclusivas, logrando lo anterior por medio del dise\u00f1o de medidas de ajuste curricular y diversificaci\u00f3n de la respuesta educativa en funci\u00f3n de las caracter\u00edsticas del contexto y las necesidades de los alumnos a fin de reducir las barreras que limitan el acceso, participaci\u00f3n y aprendizaje en el marco de la vida escolar y el curr\u00edculum.<\/p>\n<\/div><\/div>\t\t\t\t<\/div>\n\t\t\t\t<\/div>\n\t\t\t\t<div class=\"elementor-element elementor-element-d80802d elementor-widget thim-ekits-heading elementor-widget-thim-heading\" data-id=\"d80802d\" data-element_type=\"widget\" data-widget_type=\"thim-heading.default\">\n\t\t\t\t<div class=\"elementor-widget-container\">\n\t\t\t\t\t<div class=\"sc_heading\"><h2 class=\"title\">Objetivos Particulares <\/h2><\/div>\t\t\t\t<\/div>\n\t\t\t\t<\/div>\n\t\t\t\t<div class=\"elementor-element elementor-element-b446a45 elementor-widget elementor-widget-thim-ekits-header-info\" data-id=\"b446a45\" data-element_type=\"widget\" data-widget_type=\"thim-ekits-header-info.default\">\n\t\t\t\t<div class=\"elementor-widget-container\">\n\t\t\t\t\t\t\t<div class=\"header-info-swapper\">\n\t\t\t<ul class=\"thim-header-info\">\n\t\t\t\t\t\t\t\t\t\t<li>\n\t\t\t\t\t\t\t\t\t\t\t\t\t\t\t\t\t\t\t\t\t\t\t\t<span>\n\t\t\t\t\t\t\t\t\t<i aria-hidden=\"true\" class=\"tk tk-check\"><\/i>\t\t\t\t\t\t\t\t<\/span>\n\t\t\t\t\t\t\t\t\n\t\t\t\t\t\t\t\tAnalizar las distintas perspectivas y concepciones que se manejan con relaci\u00f3n al papel de las diferencias individuales en el aprendizaje y derivadas de ellas las grandes estrategias de atenci\u00f3n a la diversidad del alumnado que se vienen manejando en los sistemas educativos.\n\t\t\t\t\t\t\t\t\t\t\t\t\t\t<\/li>\n\t\t\t\t\t\t\t\t\t\t\t\t<li>\n\t\t\t\t\t\t\t\t\t\t\t\t\t\t\t\t\t\t\t\t\t\t\t\t<span>\n\t\t\t\t\t\t\t\t\t<i aria-hidden=\"true\" class=\"tk tk-check\"><\/i>\t\t\t\t\t\t\t\t<\/span>\n\t\t\t\t\t\t\t\t\n\t\t\t\t\t\t\t\tComprender las relaciones entre diferencia, diversidad y desigualdad y las implicaciones educativas que de ellas se derivan en el marco del debate entre comprensividad y atenci\u00f3n a la diversidad.\n\t\t\t\t\t\t\t\t\t\t\t\t\t\t<\/li>\n\t\t\t\t\t\t\t\t\t\t\t\t<li>\n\t\t\t\t\t\t\t\t\t\t\t\t\t\t\t\t\t\t\t\t\t\t\t\t<span>\n\t\t\t\t\t\t\t\t\t<i aria-hidden=\"true\" class=\"tk tk-check\"><\/i>\t\t\t\t\t\t\t\t<\/span>\n\t\t\t\t\t\t\t\t\n\t\t\t\t\t\t\t\tConocer la naturaleza e implicaciones de los trastornos del desarrollo y las dificultades de aprendizaje en los procesos educativos. Contribuir a entender el funcionamiento general de las personas con distintas situaciones de desarrollo y analizar las implicaciones derivadas de estas formas de diversidad para una escuela inclusiva.\n\t\t\t\t\t\t\t\t\t\t\t\t\t\t<\/li>\n\t\t\t\t\t\t\t\t\t\t\t\t<li>\n\t\t\t\t\t\t\t\t\t\t\t\t\t\t\t\t\t\t\t\t\t\t\t\t<span>\n\t\t\t\t\t\t\t\t\t<i aria-hidden=\"true\" class=\"tk tk-check\"><\/i>\t\t\t\t\t\t\t\t<\/span>\n\t\t\t\t\t\t\t\t\n\t\t\t\t\t\t\t\tAnalizar con sentido cr\u00edtico los modelos de pol\u00edticas educativas dirigidas a dar respuesta a la diversidad de alumnos que aprenden, diferenciado entre pol\u00edticas educativas asimilativas, integradoras o Inclusivas.\n\t\t\t\t\t\t\t\t\t\t\t\t\t\t<\/li>\n\t\t\t\t\t\t\t\t\t\t\t\t<li>\n\t\t\t\t\t\t\t\t\t\t\t\t\t\t\t\t\t\t\t\t\t\t\t\t<span>\n\t\t\t\t\t\t\t\t\t<i aria-hidden=\"true\" class=\"tk tk-check\"><\/i>\t\t\t\t\t\t\t\t<\/span>\n\t\t\t\t\t\t\t\t\n\t\t\t\t\t\t\t\tDise\u00f1ar propuestas b\u00e1sicas de intervenci\u00f3n educativa sist\u00e9micas dirigidas a mejorar la participaci\u00f3n, el aprendizaje y el rendimiento de todos los alumnos en el marco de una educaci\u00f3n m\u00e1s inclusiva, atendiendo a las diferentes etapas educativas.\n\t\t\t\t\t\t\t\t\t\t\t\t\t\t<\/li>\n\t\t\t\t\t\t\t\t\t\t\t\t<li>\n\t\t\t\t\t\t\t\t\t\t\t\t\t\t\t\t\t\t\t\t\t\t\t\t<span>\n\t\t\t\t\t\t\t\t\t<i aria-hidden=\"true\" class=\"tk tk-check\"><\/i>\t\t\t\t\t\t\t\t<\/span>\n\t\t\t\t\t\t\t\t\n\t\t\t\t\t\t\t\tAnalizar c\u00f3mo los factores de riego de exclusi\u00f3n pueden influir en los grupos m\u00e1s vulnerables y utilizar este an\u00e1lisis para prevenir esta exclusi\u00f3n o en su caso solventarla.\n\t\t\t\t\t\t\t\t\t\t\t\t\t\t<\/li>\n\t\t\t\t\t\t\t\t\t\t\t\t<li>\n\t\t\t\t\t\t\t\t\t\t\t\t\t\t\t\t\t\t\t\t\t\t\t\t<span>\n\t\t\t\t\t\t\t\t\t<i aria-hidden=\"true\" class=\"tk tk-check\"><\/i>\t\t\t\t\t\t\t\t<\/span>\n\t\t\t\t\t\t\t\t\n\t\t\t\t\t\t\t\tContribuir a reforzar una actitud positiva hacia la diversidad del alumnado, evitando situaciones de discriminaci\u00f3n o desventaja por razones de capacidad, procedencia, origen social o cualquier otra de car\u00e1cter personal o familiar. \n\t\t\t\t\t\t\t\t\t\t\t\t\t\t<\/li>\n\t\t\t\t\t\t\t\t\t<\/ul>\n\t\t<\/div>\n\t\t\t\t\t\t<\/div>\n\t\t\t\t<\/div>\n\t\t\t\t<div class=\"elementor-element elementor-element-0f14cbe elementor-widget thim-ekits-heading elementor-widget-thim-heading\" data-id=\"0f14cbe\" data-element_type=\"widget\" data-widget_type=\"thim-heading.default\">\n\t\t\t\t<div class=\"elementor-widget-container\">\n\t\t\t\t\t<div class=\"sc_heading\"><h2 class=\"title\">Contenido Tem\u00e1tico <\/h2><\/div>\t\t\t\t<\/div>\n\t\t\t\t<\/div>\n\t\t\t\t<div class=\"elementor-element elementor-element-c93bce7 elementor-widget elementor-widget-text-editor\" data-id=\"c93bce7\" data-element_type=\"widget\" data-widget_type=\"text-editor.default\">\n\t\t\t\t\t\t\t\t\t<table border=\"1\" cellspacing=\"0\" cellpadding=\"5\">\n  <thead>\n    <tr>\n      <th>M\u00f3dulo<\/th>\n      <th>Tema<\/th>\n    <\/tr>\n  <\/thead>\n  <tbody>\n    <tr>\n      <td>M\u00f3dulo I<\/td>\n      <td>Introducci\u00f3n a la Diversidad e Inclusi\u00f3n Educativa<\/td>\n    <\/tr>\n    <tr>\n      <td>M\u00f3dulo II<\/td>\n      <td>Diversidad Social y Cultural<\/td>\n    <\/tr>\n    <tr>\n      <td>M\u00f3dulo III<\/td>\n      <td>Teor\u00eda y Contexto de la Discapacidad<\/td>\n    <\/tr>\n    <tr>\n      <td>M\u00f3dulo IV<\/td>\n      <td>Gesti\u00f3n del Cambio Escolar para la Inclusi\u00f3n<\/td>\n    <\/tr>\n    <tr>\n      <td>M\u00f3dulo V<\/td>\n      <td>Diagn\u00f3stico y Evaluaci\u00f3n<\/td>\n    <\/tr>\n    <tr>\n      <td>M\u00f3dulo VI<\/td>\n      <td>Necesidades Educativas Especiales I<\/td>\n    <\/tr>\n    <tr>\n      <td>M\u00f3dulo VII<\/td>\n      <td>Necesidades Educativas Especiales II<\/td>\n    <\/tr>\n  <\/tbody>\n<\/table>\n\t\t\t\t\t\t\t\t<\/div>\n\t\t<div class=\"elementor-element elementor-element-05e2e66 e-flex e-con-boxed e-con e-child\" data-id=\"05e2e66\" data-element_type=\"container\">\n\t\t\t\t\t<div class=\"e-con-inner\">\n\t\t\t\t<div class=\"elementor-element elementor-element-9445b70 elementor-widget__width-inherit elementor-widget thim-widget-button\" data-id=\"9445b70\" data-element_type=\"widget\" data-widget_type=\"thim-button.default\">\n\t\t\t\t<div class=\"elementor-widget-container\">\n\t\t\t\t\t<a class=\"widget-button normal\" href=\"https:\/\/colegio-juanpablosegundo.edu.mx\/wp-content\/uploads\/2024\/02\/educacion_especial.jpeg\">MAPA CURRICULAR<\/a>\t\t\t\t<\/div>\n\t\t\t\t<\/div>\n\t\t\t\t\t<\/div>\n\t\t\t\t<\/div>\n\t\t\t\t<\/div>\n\t\t<div class=\"elementor-element elementor-element-e9acee4 e-con-full e-flex e-con e-child\" data-id=\"e9acee4\" data-element_type=\"container\">\n\t\t\t\t<div class=\"elementor-element elementor-element-21ef533 elementor-widget elementor-widget-thim-ekits-header-info\" data-id=\"21ef533\" data-element_type=\"widget\" data-widget_type=\"thim-ekits-header-info.default\">\n\t\t\t\t<div class=\"elementor-widget-container\">\n\t\t\t\t\t\t\t<div class=\"header-info-swapper\">\n\t\t\t<ul class=\"thim-header-info\">\n\t\t\t\t\t\t\t\t\t\t<li>\n\t\t\t\t\t\t\t\t\t\t\t\t\t\t<a href=\"https:\/\/colegiojuanpablosegundo.com.mx\/wp_2025\/diplomado-en-oralidad\/\">\n\t\t\t\t\t\t\t\t\t\t\t\t\t\t\t\t\n\t\t\t\t\t\t\t\tOralidad\n\t\t\t\t\t\t\t\t\t\t\t\t\t\t\t<\/a>\n\t\t\t\t\t\t\t\t\t\t\t\t<\/li>\n\t\t\t\t\t\t\t\t\t\t\t\t<li>\n\t\t\t\t\t\t\t\t\t\t\t\t\t\t<a href=\"https:\/\/colegiojuanpablosegundo.com.mx\/wp_2025\/diplomado-en-educacion-e-inlusion-educativa\/\">\n\t\t\t\t\t\t\t\t\t\t\t\t\t\t\t\t\n\t\t\t\t\t\t\t\tEducaci\u00f3n e Inclusi\u00f3n Educativa\n\t\t\t\t\t\t\t\t\t\t\t\t\t\t\t<\/a>\n\t\t\t\t\t\t\t\t\t\t\t\t<\/li>\n\t\t\t\t\t\t\t\t\t\t\t\t<li>\n\t\t\t\t\t\t\t\t\t\t\t\t\t\t<a href=\"https:\/\/colegiojuanpablosegundo.com.mx\/wp_2025\/diplomado-en-prevencion-y-atencion-contra-la-violencia-intrafamiliar\/\">\n\t\t\t\t\t\t\t\t\t\t\t\t\t\t\t\t\n\t\t\t\t\t\t\t\tPrevenci\u00f3n y Atenci\u00f3n contra la Violencia Familiar\n\t\t\t\t\t\t\t\t\t\t\t\t\t\t\t<\/a>\n\t\t\t\t\t\t\t\t\t\t\t\t<\/li>\n\t\t\t\t\t\t\t\t\t\t\t\t<li>\n\t\t\t\t\t\t\t\t\t\t\t\t\t\t<a href=\"https:\/\/colegiojuanpablosegundo.com.mx\/wp_2025\/diplomado-en-herramientas-para-la-gestion-de-negocios\/\">\n\t\t\t\t\t\t\t\t\t\t\t\t\t\t\t\t\n\t\t\t\t\t\t\t\tHerramientas para la Gesti\u00f3n de Negocios\n\t\t\t\t\t\t\t\t\t\t\t\t\t\t\t<\/a>\n\t\t\t\t\t\t\t\t\t\t\t\t<\/li>\n\t\t\t\t\t\t\t\t\t\t\t\t<li>\n\t\t\t\t\t\t\t\t\t\t\t\t\t\t<a href=\"https:\/\/colegiojuanpablosegundo.com.mx\/wp_2025\/diplomado-en-teoria-cognitivo-conductual\/\">\n\t\t\t\t\t\t\t\t\t\t\t\t\t\t\t\t\n\t\t\t\t\t\t\t\tTeror\u00eda Cognitivo Conductual\n\t\t\t\t\t\t\t\t\t\t\t\t\t\t\t<\/a>\n\t\t\t\t\t\t\t\t\t\t\t\t<\/li>\n\t\t\t\t\t\t\t\t\t\t\t\t<li>\n\t\t\t\t\t\t\t\t\t\t\t\t\t\t<a href=\"https:\/\/colegiojuanpablosegundo.com.mx\/wp_2025\/diplomado-en-contaduria-aplicada-y-estrategia-fiscal\/\">\n\t\t\t\t\t\t\t\t\t\t\t\t\t\t\t\t\n\t\t\t\t\t\t\t\tContadur\u00eda Aplicada y Estrategia Fiscal\n\t\t\t\t\t\t\t\t\t\t\t\t\t\t\t<\/a>\n\t\t\t\t\t\t\t\t\t\t\t\t<\/li>\n\t\t\t\t\t\t\t\t\t<\/ul>\n\t\t<\/div>\n\t\t\t\t\t\t<\/div>\n\t\t\t\t<\/div>\n\t\t\t\t<div class=\"elementor-element elementor-element-38b1518 elementor-widget elementor-widget-image\" data-id=\"38b1518\" data-element_type=\"widget\" data-widget_type=\"image.default\">\n\t\t\t\t\t\t\t\t\t\t\t\t\t\t\t<img decoding=\"async\" src=\"https:\/\/colegio-juanpablosegundo.edu.mx\/wp-content\/uploads\/2023\/09\/WhatsApp-Image-2023-08-07-at-4.23.08-PM.jpeg\" title=\"\" alt=\"\" loading=\"lazy\" \/>\t\t\t\t\t\t\t\t\t\t\t\t\t\t\t<\/div>\n\t\t\t\t<div class=\"elementor-element elementor-element-8364bcc elementor-widget thim-ekits-heading elementor-widget-thim-heading\" data-id=\"8364bcc\" data-element_type=\"widget\" data-widget_type=\"thim-heading.default\">\n\t\t\t\t<div class=\"elementor-widget-container\">\n\t\t\t\t\t<div class=\"sc_heading\"><\/div>\t\t\t\t<\/div>\n\t\t\t\t<\/div>\n\t\t\t\t<\/div>\n\t\t\t\t\t<\/div>\n\t\t\t\t<\/div>\n\t\t\t\t<\/div>\n\t\t","protected":false},"excerpt":{"rendered":"<p>Carga de Estudio: 1 hora Duraci\u00f3n: 1 a\u00f1o Ubicaci\u00f3n: Colegio Juan Pablo II Fechas: 20 feb &#8211; 15 Jun Justificaci\u00f3n Desde la promulgaci\u00f3n de la Constituci\u00f3n de 1917, la educaci\u00f3n ha sido considerada un derecho de todos los habitantes de &hellip; <\/p>\n","protected":false},"author":1,"featured_media":0,"parent":0,"menu_order":0,"comment_status":"closed","ping_status":"closed","template":"","meta":{"_joinchat":[],"footnotes":""},"class_list":["post-16341","page","type-page","status-publish","hentry"],"_links":{"self":[{"href":"https:\/\/colegiojuanpablosegundo.com.mx\/wp_2025\/wp-json\/wp\/v2\/pages\/16341","targetHints":{"allow":["GET"]}}],"collection":[{"href":"https:\/\/colegiojuanpablosegundo.com.mx\/wp_2025\/wp-json\/wp\/v2\/pages"}],"about":[{"href":"https:\/\/colegiojuanpablosegundo.com.mx\/wp_2025\/wp-json\/wp\/v2\/types\/page"}],"author":[{"embeddable":true,"href":"https:\/\/colegiojuanpablosegundo.com.mx\/wp_2025\/wp-json\/wp\/v2\/users\/1"}],"replies":[{"embeddable":true,"href":"https:\/\/colegiojuanpablosegundo.com.mx\/wp_2025\/wp-json\/wp\/v2\/comments?post=16341"}],"version-history":[{"count":16,"href":"https:\/\/colegiojuanpablosegundo.com.mx\/wp_2025\/wp-json\/wp\/v2\/pages\/16341\/revisions"}],"predecessor-version":[{"id":16661,"href":"https:\/\/colegiojuanpablosegundo.com.mx\/wp_2025\/wp-json\/wp\/v2\/pages\/16341\/revisions\/16661"}],"wp:attachment":[{"href":"https:\/\/colegiojuanpablosegundo.com.mx\/wp_2025\/wp-json\/wp\/v2\/media?parent=16341"}],"curies":[{"name":"wp","href":"https:\/\/api.w.org\/{rel}","templated":true}]}}