{"id":16327,"date":"2025-12-17T14:09:41","date_gmt":"2025-12-17T14:09:41","guid":{"rendered":"https:\/\/colegiojuanpablosegundo.com.mx\/wp_2025\/?page_id=16327"},"modified":"2026-05-12T20:58:14","modified_gmt":"2026-05-12T20:58:14","slug":"diplomado-en-oralidad","status":"publish","type":"page","link":"https:\/\/colegiojuanpablosegundo.com.mx\/wp_2025\/diplomado-en-oralidad\/","title":{"rendered":"Diplomado en Oralidad"},"content":{"rendered":"\t\t<div data-elementor-type=\"wp-page\" data-elementor-id=\"16327\" class=\"elementor elementor-16327\">\n\t\t\t\t<div class=\"elementor-element elementor-element-eaeedc6 e-flex e-con-boxed e-con e-parent\" data-id=\"eaeedc6\" data-element_type=\"container\">\n\t\t\t\t\t<div class=\"e-con-inner\">\n\t\t<div class=\"elementor-element elementor-element-215a29d e-con-full e-flex e-con e-child\" data-id=\"215a29d\" data-element_type=\"container\">\n\t\t<div class=\"elementor-element elementor-element-ac7f020 e-flex e-con-boxed e-con e-child\" data-id=\"ac7f020\" data-element_type=\"container\">\n\t\t\t\t\t<div class=\"e-con-inner\">\n\t\t<div class=\"elementor-element elementor-element-9418eae e-flex e-con-boxed e-con e-child\" data-id=\"9418eae\" data-element_type=\"container\">\n\t\t\t\t\t<div class=\"e-con-inner\">\n\t\t\t\t<div class=\"elementor-element elementor-element-3d4712b elementor-widget__width-initial elementor-widget thim-ekits-heading elementor-widget-thim-heading\" data-id=\"3d4712b\" data-element_type=\"widget\" data-widget_type=\"thim-heading.default\">\n\t\t\t\t<div class=\"elementor-widget-container\">\n\t\t\t\t\t<div class=\"sc_heading\"><p class=\"title\">Carga de Estudio: <\/p><\/div>\t\t\t\t<\/div>\n\t\t\t\t<\/div>\n\t\t\t\t<div class=\"elementor-element elementor-element-39ae191 elementor-widget__width-initial elementor-widget thim-ekits-heading elementor-widget-thim-heading\" data-id=\"39ae191\" data-element_type=\"widget\" data-widget_type=\"thim-heading.default\">\n\t\t\t\t<div class=\"elementor-widget-container\">\n\t\t\t\t\t<div class=\"sc_heading\"><span class=\"title\">1 hora <\/span><\/div>\t\t\t\t<\/div>\n\t\t\t\t<\/div>\n\t\t\t\t<div class=\"elementor-element elementor-element-68cafa9 elementor-widget-divider--view-line elementor-widget elementor-widget-divider\" data-id=\"68cafa9\" data-element_type=\"widget\" data-widget_type=\"divider.default\">\n\t\t\t\t\t\t\t<div class=\"elementor-divider\">\n\t\t\t<span class=\"elementor-divider-separator\">\n\t\t\t\t\t\t<\/span>\n\t\t<\/div>\n\t\t\t\t\t\t<\/div>\n\t\t\t\t<div class=\"elementor-element elementor-element-51ec555 elementor-widget__width-initial elementor-widget thim-ekits-heading elementor-widget-thim-heading\" data-id=\"51ec555\" data-element_type=\"widget\" data-widget_type=\"thim-heading.default\">\n\t\t\t\t<div class=\"elementor-widget-container\">\n\t\t\t\t\t<div class=\"sc_heading\"><p class=\"title\">Duraci\u00f3n: <\/p><\/div>\t\t\t\t<\/div>\n\t\t\t\t<\/div>\n\t\t\t\t<div class=\"elementor-element elementor-element-9fa8548 elementor-widget__width-initial elementor-widget thim-ekits-heading elementor-widget-thim-heading\" data-id=\"9fa8548\" data-element_type=\"widget\" data-widget_type=\"thim-heading.default\">\n\t\t\t\t<div class=\"elementor-widget-container\">\n\t\t\t\t\t<div class=\"sc_heading\"><span class=\"title\">1 a\u00f1o <\/span><\/div>\t\t\t\t<\/div>\n\t\t\t\t<\/div>\n\t\t\t\t<div class=\"elementor-element elementor-element-e07773b elementor-widget-divider--view-line elementor-widget elementor-widget-divider\" data-id=\"e07773b\" data-element_type=\"widget\" data-widget_type=\"divider.default\">\n\t\t\t\t\t\t\t<div class=\"elementor-divider\">\n\t\t\t<span class=\"elementor-divider-separator\">\n\t\t\t\t\t\t<\/span>\n\t\t<\/div>\n\t\t\t\t\t\t<\/div>\n\t\t\t\t\t<\/div>\n\t\t\t\t<\/div>\n\t\t<div class=\"elementor-element elementor-element-d4b35dc e-flex e-con-boxed e-con e-child\" data-id=\"d4b35dc\" data-element_type=\"container\">\n\t\t\t\t\t<div class=\"e-con-inner\">\n\t\t\t\t<div class=\"elementor-element elementor-element-5e40a69 elementor-widget__width-initial elementor-widget thim-ekits-heading elementor-widget-thim-heading\" data-id=\"5e40a69\" data-element_type=\"widget\" data-widget_type=\"thim-heading.default\">\n\t\t\t\t<div class=\"elementor-widget-container\">\n\t\t\t\t\t<div class=\"sc_heading\"><p class=\"title\">Ubicaci\u00f3n: <\/p><\/div>\t\t\t\t<\/div>\n\t\t\t\t<\/div>\n\t\t\t\t<div class=\"elementor-element elementor-element-9b1bf05 elementor-widget__width-initial elementor-widget thim-ekits-heading elementor-widget-thim-heading\" data-id=\"9b1bf05\" data-element_type=\"widget\" data-widget_type=\"thim-heading.default\">\n\t\t\t\t<div class=\"elementor-widget-container\">\n\t\t\t\t\t<div class=\"sc_heading\"><span class=\"title\">Colegio Juan Pablo II <\/span><\/div>\t\t\t\t<\/div>\n\t\t\t\t<\/div>\n\t\t\t\t<div class=\"elementor-element elementor-element-9e8926c elementor-widget-divider--view-line elementor-widget elementor-widget-divider\" data-id=\"9e8926c\" data-element_type=\"widget\" data-widget_type=\"divider.default\">\n\t\t\t\t\t\t\t<div class=\"elementor-divider\">\n\t\t\t<span class=\"elementor-divider-separator\">\n\t\t\t\t\t\t<\/span>\n\t\t<\/div>\n\t\t\t\t\t\t<\/div>\n\t\t\t\t<div class=\"elementor-element elementor-element-7fa9264 elementor-widget__width-initial elementor-widget thim-ekits-heading elementor-widget-thim-heading\" data-id=\"7fa9264\" data-element_type=\"widget\" data-widget_type=\"thim-heading.default\">\n\t\t\t\t<div class=\"elementor-widget-container\">\n\t\t\t\t\t<div class=\"sc_heading\"><p class=\"title\">Fechas: <\/p><\/div>\t\t\t\t<\/div>\n\t\t\t\t<\/div>\n\t\t\t\t<div class=\"elementor-element elementor-element-4561601 elementor-widget__width-initial elementor-widget thim-ekits-heading elementor-widget-thim-heading\" data-id=\"4561601\" data-element_type=\"widget\" data-widget_type=\"thim-heading.default\">\n\t\t\t\t<div class=\"elementor-widget-container\">\n\t\t\t\t\t<div class=\"sc_heading\"><span class=\"title\">20 feb   -   15 Jun <\/span><\/div>\t\t\t\t<\/div>\n\t\t\t\t<\/div>\n\t\t\t\t\t<\/div>\n\t\t\t\t<\/div>\n\t\t\t\t\t<\/div>\n\t\t\t\t<\/div>\n\t\t\t\t<div class=\"elementor-element elementor-element-cea855b elementor-widget thim-ekits-heading elementor-widget-thim-heading\" data-id=\"cea855b\" data-element_type=\"widget\" data-widget_type=\"thim-heading.default\">\n\t\t\t\t<div class=\"elementor-widget-container\">\n\t\t\t\t\t<div class=\"sc_heading\"><h2 class=\"title\">Justificaci\u00f3n <\/h2><div class=\"sub-heading\"><p><b>El Garantismo como referente te\u00f3rico del derecho procesal penal acusatorio y oral.<\/b><\/p>\n<p>Una de las caracter\u00edsticas del modelo acusatorio es el respeto a los derechos de las personas, presupuesto que tiene como referente al Garantismo, enfoque te\u00f3rico que naci\u00f3 en los a\u00f1os ochenta y de la cual, Luigi Ferrajoli es uno de los principales exponentes. Entre sus aportaciones destacan la concepci\u00f3n sustancial de los derechos fundamentales de los cuales son titulares todas las personas, as\u00ed como la concepci\u00f3n del derecho como un sistema de garant\u00edas de los derechos sociales equiparable al sistema de garant\u00edas para la propiedad y la libertad.<\/p>\n<p>En el Garantismo, el Derecho Penal se concibe como un instrumento de defensa y protecci\u00f3n de todas las personas, haciendo hincapi\u00e9 en el establecimiento de garant\u00edas que tutelen los derechos fundamentales, buscando adem\u00e1s ser un Derecho de car\u00e1cter subsidiario o Derecho Penal m\u00ednimo, que intenta poner fuertes y r\u00edgidos l\u00edmites a la actuaci\u00f3n del poder punitivo del Estado. Esta vertiente se proyecta en garant\u00edas penales sustantivas y garant\u00edas penales procesales. En las primeras, se encuentran los principios de estricta legalidad, taxatividad, lesividad, materialidad y culpabilidad. Su objetivo es la averiguaci\u00f3n de la verdad jur\u00eddica, a partir de la verificabilidad y refutabilidad en abstracto de las hip\u00f3tesis de la acusaci\u00f3n. Que cobran vigencia y se materializan en un contexto procesal adecuado, basado en principios y reglas internalizadas por los operadores del sistema, en el que se aseguren niveles \u00f3ptimos de funcionamiento del mismo. En el caso de las garant\u00edas penales procesales, el objetivo se centra en la averiguaci\u00f3n de la verdad f\u00e1ctica, entre ellas se identifican los siguientes Principios: de contradicci\u00f3n, la paridad entre acusaci\u00f3n y defensa, la separaci\u00f3n r\u00edgida entre juez y acusaci\u00f3n, la presunci\u00f3n de inocencia, la carga de la prueba para quien acusa, la oralidad y la publicidad del juicio, la independencia interna y externa de la judicatura y el principio del juez natural.<\/p>\n<p>Incorporar las garant\u00edas org\u00e1nicas y procedimentales, en un sistema penal, hace posible la construcci\u00f3n de un modelo en el que se busca conocer una verdad real que se aproxime lo m\u00e1s posible a lo ocurrido en el momento de cometerse el il\u00edcito penal, verdad que ser\u00e1 trasladada por los operadores jur\u00eddicos mediante datos, evidencias, vestigios o elementos de prueba, que ser\u00e1n el puente para el conocimiento de los hechos ocurridos. Un modelo en el que se establecen criterios claros y espec\u00edficos para girar orden de aprehensi\u00f3n, para la formulaci\u00f3n de imputaci\u00f3n y expedir orden de cateo. Que adem\u00e1s incorpora el procedimiento abreviado, los criterios de oportunidad y mecanismos alternativos de soluci\u00f3n de controversias. Que estipula una serie de reglas para lograr un sistema de procuraci\u00f3n de justicia eficaz y eficiente, dentro de un marco irrestricto de protecci\u00f3n a los derechos humanos de la v\u00edctima como del imputado.<\/p>\n<p>Esta propuesta garantista es el sustento te\u00f3rico de la reforma constitucional de 18 de junio de 2008, que incorpora por primera ocasi\u00f3n en M\u00e9xico un sistema procesal penal de corte acusatorio, sustentado en los principios de publicidad, contradicci\u00f3n, concentraci\u00f3n continuidad, inmediatez y transparencia. Su finalidad es hacer efectivos en la pr\u00e1ctica los derechos reconocidos a favor de las personas. Que no sean s\u00f3lo derechos de papel, que en la pr\u00e1ctica sean reales, tal y como corresponde a un modelo Acusatorio, en contraste con el modelo Inquisitivo anterior.<\/p>\n<\/div><\/div>\t\t\t\t<\/div>\n\t\t\t\t<\/div>\n\t\t\t\t<div class=\"elementor-element elementor-element-5169669 elementor-widget thim-ekits-heading elementor-widget-thim-heading\" data-id=\"5169669\" data-element_type=\"widget\" data-widget_type=\"thim-heading.default\">\n\t\t\t\t<div class=\"elementor-widget-container\">\n\t\t\t\t\t<div class=\"sc_heading\"><h2 class=\"title\">OBJETIVO GENERAL <\/h2><\/div>\t\t\t\t<\/div>\n\t\t\t\t<\/div>\n\t\t\t\t<div class=\"elementor-element elementor-element-136d4e2 elementor-widget thim-ekits-heading elementor-widget-thim-heading\" data-id=\"136d4e2\" data-element_type=\"widget\" data-widget_type=\"thim-heading.default\">\n\t\t\t\t<div class=\"elementor-widget-container\">\n\t\t\t\t\t<div class=\"sc_heading\"><div class=\"sub-heading\"><p>El alumno poseer\u00e1 los conocimientos, habilidades, actitudes y destrezas necesarias que le permitir\u00e1n elaborar una teor\u00eda del caso s\u00f3lida de acuerdo a los intereses de los diferentes actores procesales a quienes puede representar, ya sea imputando o defendiendo, interrogando y replicando. todo ello con base en los antecedentes disponibles de cada asunto, siendo h\u00e1biles para adecuar los hechos a la ley penal, identificando los elementos de existencia de los delitos y la probable participaci\u00f3n o no del imputado en las conductas que se le atribuyen, as\u00ed como exponerlo oralmente de forma adecuada en cada una de las etapas del procedimiento penal y, en su momento, intervenir con \u00e9xito como autoridad o en el libre ejercicio profesional en las diversas audiencias del juicio oral previstas por el c\u00f3digo nacional de procedimientos penales.<\/p>\n<\/div><\/div>\t\t\t\t<\/div>\n\t\t\t\t<\/div>\n\t\t\t\t<div class=\"elementor-element elementor-element-d80802d elementor-widget thim-ekits-heading elementor-widget-thim-heading\" data-id=\"d80802d\" data-element_type=\"widget\" data-widget_type=\"thim-heading.default\">\n\t\t\t\t<div class=\"elementor-widget-container\">\n\t\t\t\t\t<div class=\"sc_heading\"><h2 class=\"title\">Objetivos Particulares <\/h2><\/div>\t\t\t\t<\/div>\n\t\t\t\t<\/div>\n\t\t\t\t<div class=\"elementor-element elementor-element-b446a45 elementor-widget elementor-widget-thim-ekits-header-info\" data-id=\"b446a45\" data-element_type=\"widget\" data-widget_type=\"thim-ekits-header-info.default\">\n\t\t\t\t<div class=\"elementor-widget-container\">\n\t\t\t\t\t\t\t<div class=\"header-info-swapper\">\n\t\t\t<ul class=\"thim-header-info\">\n\t\t\t\t\t\t\t\t\t\t<li>\n\t\t\t\t\t\t\t\t\t\t\t\t\t\t\t\t\t\t\t\t\t\t\t\t<span>\n\t\t\t\t\t\t\t\t\t<i aria-hidden=\"true\" class=\"tk tk-check\"><\/i>\t\t\t\t\t\t\t\t<\/span>\n\t\t\t\t\t\t\t\t\n\t\t\t\t\t\t\t\tIdentificar la orientaci\u00f3n de la reforma constitucional que incorpora al sistema jur\u00eddico penal mexicano el proceso penal acusatorio oral y profundizar en el conocimiento de su contenido te\u00f3rico.\n\t\t\t\t\t\t\t\t\t\t\t\t\t\t<\/li>\n\t\t\t\t\t\t\t\t\t\t\t\t<li>\n\t\t\t\t\t\t\t\t\t\t\t\t\t\t\t\t\t\t\t\t\t\t\t\t<span>\n\t\t\t\t\t\t\t\t\t<i aria-hidden=\"true\" class=\"tk tk-check\"><\/i>\t\t\t\t\t\t\t\t<\/span>\n\t\t\t\t\t\t\t\t\n\t\t\t\t\t\t\t\tAnalizar la din\u00e1mica del derecho procesal penal acusatorio oral, sus principios fundamentales y los sujetos procesales que le dan plena vigencia.\n\t\t\t\t\t\t\t\t\t\t\t\t\t\t<\/li>\n\t\t\t\t\t\t\t\t\t\t\t\t<li>\n\t\t\t\t\t\t\t\t\t\t\t\t\t\t\t\t\t\t\t\t\t\t\t\t<span>\n\t\t\t\t\t\t\t\t\t<i aria-hidden=\"true\" class=\"tk tk-check\"><\/i>\t\t\t\t\t\t\t\t<\/span>\n\t\t\t\t\t\t\t\t\n\t\t\t\t\t\t\t\tDominar el m\u00e9todo y la metodolog\u00eda del procedimiento penal acusatorio y oral, privilegiando la salvaguarda de los derechos humanos de los participantes (v\u00edctimas, inculpados y funcionarios)\n\t\t\t\t\t\t\t\t\t\t\t\t\t\t<\/li>\n\t\t\t\t\t\t\t\t\t\t\t\t<li>\n\t\t\t\t\t\t\t\t\t\t\t\t\t\t\t\t\t\t\t\t\t\t\t\t<span>\n\t\t\t\t\t\t\t\t\t<i aria-hidden=\"true\" class=\"tk tk-check\"><\/i>\t\t\t\t\t\t\t\t<\/span>\n\t\t\t\t\t\t\t\t\n\t\t\t\t\t\t\t\tDotar y desarrollar en el alumno las habilidades y actitudes pr\u00e1cticas para intervenir de manera eficaz en todas y cada una de las etapas del proceso penal acusatorio y oral.\n\t\t\t\t\t\t\t\t\t\t\t\t\t\t<\/li>\n\t\t\t\t\t\t\t\t\t\t\t\t<li>\n\t\t\t\t\t\t\t\t\t\t\t\t\t\t\t\t\t\t\t\t\t\t\t\t<span>\n\t\t\t\t\t\t\t\t\t<i aria-hidden=\"true\" class=\"tk tk-check\"><\/i>\t\t\t\t\t\t\t\t<\/span>\n\t\t\t\t\t\t\t\t\n\t\t\t\t\t\t\t\tAtender a los principios \u00e9ticos de la profesi\u00f3n al aplicar los conocimientos te\u00f3ricos y pr\u00e1cticos requeridos en cada una de las etapas del proceso penal. \n\t\t\t\t\t\t\t\t\t\t\t\t\t\t<\/li>\n\t\t\t\t\t\t\t\t\t<\/ul>\n\t\t<\/div>\n\t\t\t\t\t\t<\/div>\n\t\t\t\t<\/div>\n\t\t\t\t<div class=\"elementor-element elementor-element-0f14cbe elementor-widget thim-ekits-heading elementor-widget-thim-heading\" data-id=\"0f14cbe\" data-element_type=\"widget\" data-widget_type=\"thim-heading.default\">\n\t\t\t\t<div class=\"elementor-widget-container\">\n\t\t\t\t\t<div class=\"sc_heading\"><h2 class=\"title\">Contenido Tem\u00e1tico <\/h2><\/div>\t\t\t\t<\/div>\n\t\t\t\t<\/div>\n\t\t\t\t<div class=\"elementor-element elementor-element-c93bce7 elementor-widget elementor-widget-text-editor\" data-id=\"c93bce7\" data-element_type=\"widget\" data-widget_type=\"text-editor.default\">\n\t\t\t\t\t\t\t\t\t<table border=\"1\" cellspacing=\"0\" cellpadding=\"5\">\n  <thead>\n    <tr>\n      <th>M\u00f3dulo<\/th>\n      <th>Tema<\/th>\n    <\/tr>\n  <\/thead>\n  <tbody>\n    <tr>\n      <td>M\u00f3dulo I<\/td>\n      <td>Fundamentos del Derecho Penal<\/td>\n    <\/tr>\n    <tr>\n      <td>M\u00f3dulo II<\/td>\n      <td>La Prueba en el Derecho Penal<\/td>\n    <\/tr>\n    <tr>\n      <td>M\u00f3dulo III<\/td>\n      <td>Etapa de Investigaci\u00f3n Primera Fase<\/td>\n    <\/tr>\n    <tr>\n      <td>M\u00f3dulo IV<\/td>\n      <td>Audiencia Inicial Plazo Constitucional<\/td>\n    <\/tr>\n    <tr>\n      <td>M\u00f3dulo V<\/td>\n      <td>La Prueba en el Sistema Penal Acusatorio<\/td>\n    <\/tr>\n    <tr>\n      <td>M\u00f3dulo VI<\/td>\n      <td>Etapa de Investigaci\u00f3n Segunda Fase<\/td>\n    <\/tr>\n    <tr>\n      <td>M\u00f3dulo VII<\/td>\n      <td>Audiencias Incidentales<\/td>\n    <\/tr>\n    <tr>\n      <td>M\u00f3dulo VIII<\/td>\n      <td>Interrogatorio y Contrainterrogatorio<\/td>\n    <\/tr>\n    <tr>\n      <td>M\u00f3dulo IX<\/td>\n      <td>Soluciones Alternas y Formas de Terminaci\u00f3n Anticipada<\/td>\n    <\/tr>\n  <\/tbody>\n<\/table>\n\t\t\t\t\t\t\t\t<\/div>\n\t\t<div class=\"elementor-element elementor-element-05e2e66 e-flex e-con-boxed e-con e-child\" data-id=\"05e2e66\" data-element_type=\"container\">\n\t\t\t\t\t<div class=\"e-con-inner\">\n\t\t\t\t<div class=\"elementor-element elementor-element-9445b70 elementor-widget__width-inherit elementor-widget thim-widget-button\" data-id=\"9445b70\" data-element_type=\"widget\" data-widget_type=\"thim-button.default\">\n\t\t\t\t<div class=\"elementor-widget-container\">\n\t\t\t\t\t<a class=\"widget-button normal\" href=\"https:\/\/colegio-juanpablosegundo.edu.mx\/wp-content\/uploads\/2024\/02\/oralidad.jpeg\">MAPA CURRICULAR<\/a>\t\t\t\t<\/div>\n\t\t\t\t<\/div>\n\t\t\t\t\t<\/div>\n\t\t\t\t<\/div>\n\t\t\t\t<\/div>\n\t\t<div class=\"elementor-element elementor-element-e9acee4 e-con-full e-flex e-con e-child\" data-id=\"e9acee4\" data-element_type=\"container\">\n\t\t\t\t<div class=\"elementor-element elementor-element-21ef533 elementor-widget elementor-widget-thim-ekits-header-info\" data-id=\"21ef533\" data-element_type=\"widget\" data-widget_type=\"thim-ekits-header-info.default\">\n\t\t\t\t<div class=\"elementor-widget-container\">\n\t\t\t\t\t\t\t<div class=\"header-info-swapper\">\n\t\t\t<ul class=\"thim-header-info\">\n\t\t\t\t\t\t\t\t\t\t<li>\n\t\t\t\t\t\t\t\t\t\t\t\t\t\t<a href=\"https:\/\/colegiojuanpablosegundo.com.mx\/wp_2025\/diplomado-en-oralidad\/\">\n\t\t\t\t\t\t\t\t\t\t\t\t\t\t\t\t\n\t\t\t\t\t\t\t\tOralidad\n\t\t\t\t\t\t\t\t\t\t\t\t\t\t\t<\/a>\n\t\t\t\t\t\t\t\t\t\t\t\t<\/li>\n\t\t\t\t\t\t\t\t\t\t\t\t<li>\n\t\t\t\t\t\t\t\t\t\t\t\t\t\t<a href=\"https:\/\/colegiojuanpablosegundo.com.mx\/wp_2025\/diplomado-en-educacion-e-inlusion-educativa\/\">\n\t\t\t\t\t\t\t\t\t\t\t\t\t\t\t\t\n\t\t\t\t\t\t\t\tEducaci\u00f3n e Inclusi\u00f3n Educativa\n\t\t\t\t\t\t\t\t\t\t\t\t\t\t\t<\/a>\n\t\t\t\t\t\t\t\t\t\t\t\t<\/li>\n\t\t\t\t\t\t\t\t\t\t\t\t<li>\n\t\t\t\t\t\t\t\t\t\t\t\t\t\t<a href=\"https:\/\/colegiojuanpablosegundo.com.mx\/wp_2025\/diplomado-en-prevencion-y-atencion-contra-la-violencia-intrafamiliar\/\">\n\t\t\t\t\t\t\t\t\t\t\t\t\t\t\t\t\n\t\t\t\t\t\t\t\tPrevenci\u00f3n y Atenci\u00f3n contra la Violencia Familiar\n\t\t\t\t\t\t\t\t\t\t\t\t\t\t\t<\/a>\n\t\t\t\t\t\t\t\t\t\t\t\t<\/li>\n\t\t\t\t\t\t\t\t\t\t\t\t<li>\n\t\t\t\t\t\t\t\t\t\t\t\t\t\t<a href=\"https:\/\/colegiojuanpablosegundo.com.mx\/wp_2025\/diplomado-en-herramientas-para-la-gestion-de-negocios\/\">\n\t\t\t\t\t\t\t\t\t\t\t\t\t\t\t\t\n\t\t\t\t\t\t\t\tHerramientas para la Gesti\u00f3n de Negocios\n\t\t\t\t\t\t\t\t\t\t\t\t\t\t\t<\/a>\n\t\t\t\t\t\t\t\t\t\t\t\t<\/li>\n\t\t\t\t\t\t\t\t\t\t\t\t<li>\n\t\t\t\t\t\t\t\t\t\t\t\t\t\t<a href=\"https:\/\/colegiojuanpablosegundo.com.mx\/wp_2025\/diplomado-en-teoria-cognitivo-conductual\/\">\n\t\t\t\t\t\t\t\t\t\t\t\t\t\t\t\t\n\t\t\t\t\t\t\t\tTeror\u00eda Cognitivo Conductual\n\t\t\t\t\t\t\t\t\t\t\t\t\t\t\t<\/a>\n\t\t\t\t\t\t\t\t\t\t\t\t<\/li>\n\t\t\t\t\t\t\t\t\t\t\t\t<li>\n\t\t\t\t\t\t\t\t\t\t\t\t\t\t<a href=\"https:\/\/colegiojuanpablosegundo.com.mx\/wp_2025\/diplomado-en-contaduria-aplicada-y-estrategia-fiscal\/\">\n\t\t\t\t\t\t\t\t\t\t\t\t\t\t\t\t\n\t\t\t\t\t\t\t\tContadur\u00eda Aplicada y Estrategia Fiscal\n\t\t\t\t\t\t\t\t\t\t\t\t\t\t\t<\/a>\n\t\t\t\t\t\t\t\t\t\t\t\t<\/li>\n\t\t\t\t\t\t\t\t\t<\/ul>\n\t\t<\/div>\n\t\t\t\t\t\t<\/div>\n\t\t\t\t<\/div>\n\t\t\t\t<div class=\"elementor-element elementor-element-38b1518 elementor-widget elementor-widget-image\" data-id=\"38b1518\" data-element_type=\"widget\" data-widget_type=\"image.default\">\n\t\t\t\t\t\t\t\t\t\t\t\t\t\t\t<img decoding=\"async\" src=\"https:\/\/colegio-juanpablosegundo.edu.mx\/wp-content\/uploads\/2023\/09\/WhatsApp-Image-2023-08-07-at-4.23.07-PM.jpeg\" title=\"\" alt=\"\" loading=\"lazy\" \/>\t\t\t\t\t\t\t\t\t\t\t\t\t\t\t<\/div>\n\t\t\t\t<div class=\"elementor-element elementor-element-8364bcc elementor-widget thim-ekits-heading elementor-widget-thim-heading\" data-id=\"8364bcc\" data-element_type=\"widget\" data-widget_type=\"thim-heading.default\">\n\t\t\t\t<div class=\"elementor-widget-container\">\n\t\t\t\t\t<div class=\"sc_heading\"><\/div>\t\t\t\t<\/div>\n\t\t\t\t<\/div>\n\t\t\t\t<\/div>\n\t\t\t\t\t<\/div>\n\t\t\t\t<\/div>\n\t\t\t\t<\/div>\n\t\t","protected":false},"excerpt":{"rendered":"<p>Carga de Estudio: 1 hora Duraci\u00f3n: 1 a\u00f1o Ubicaci\u00f3n: Colegio Juan Pablo II Fechas: 20 feb &#8211; 15 Jun Justificaci\u00f3n El Garantismo como referente te\u00f3rico del derecho procesal penal acusatorio y oral. Una de las caracter\u00edsticas del modelo acusatorio es &hellip; <\/p>\n","protected":false},"author":1,"featured_media":0,"parent":0,"menu_order":0,"comment_status":"closed","ping_status":"closed","template":"","meta":{"_joinchat":[],"footnotes":""},"class_list":["post-16327","page","type-page","status-publish","hentry"],"_links":{"self":[{"href":"https:\/\/colegiojuanpablosegundo.com.mx\/wp_2025\/wp-json\/wp\/v2\/pages\/16327","targetHints":{"allow":["GET"]}}],"collection":[{"href":"https:\/\/colegiojuanpablosegundo.com.mx\/wp_2025\/wp-json\/wp\/v2\/pages"}],"about":[{"href":"https:\/\/colegiojuanpablosegundo.com.mx\/wp_2025\/wp-json\/wp\/v2\/types\/page"}],"author":[{"embeddable":true,"href":"https:\/\/colegiojuanpablosegundo.com.mx\/wp_2025\/wp-json\/wp\/v2\/users\/1"}],"replies":[{"embeddable":true,"href":"https:\/\/colegiojuanpablosegundo.com.mx\/wp_2025\/wp-json\/wp\/v2\/comments?post=16327"}],"version-history":[{"count":16,"href":"https:\/\/colegiojuanpablosegundo.com.mx\/wp_2025\/wp-json\/wp\/v2\/pages\/16327\/revisions"}],"predecessor-version":[{"id":16652,"href":"https:\/\/colegiojuanpablosegundo.com.mx\/wp_2025\/wp-json\/wp\/v2\/pages\/16327\/revisions\/16652"}],"wp:attachment":[{"href":"https:\/\/colegiojuanpablosegundo.com.mx\/wp_2025\/wp-json\/wp\/v2\/media?parent=16327"}],"curies":[{"name":"wp","href":"https:\/\/api.w.org\/{rel}","templated":true}]}}