{"id":16194,"date":"2025-11-24T16:39:16","date_gmt":"2025-11-24T16:39:16","guid":{"rendered":"https:\/\/colegiojuanpablosegundo.com.mx\/wp_2025\/?page_id=16194"},"modified":"2026-03-24T00:01:26","modified_gmt":"2026-03-24T00:01:26","slug":"licenciatura","status":"publish","type":"page","link":"https:\/\/colegiojuanpablosegundo.com.mx\/wp_2025\/licenciatura\/","title":{"rendered":"LICENCIATURA"},"content":{"rendered":"\t\t<div data-elementor-type=\"wp-page\" data-elementor-id=\"16194\" class=\"elementor elementor-16194\">\n\t\t\t\t<div class=\"elementor-element elementor-element-3694f62 e-con-full e-flex elementor-invisible e-con e-parent\" data-id=\"3694f62\" data-element_type=\"container\" data-settings=\"{&quot;background_background&quot;:&quot;classic&quot;,&quot;shape_divider_top&quot;:&quot;arrow&quot;,&quot;animation&quot;:&quot;fadeInDown&quot;}\">\n\t\t\t\t<div class=\"elementor-shape elementor-shape-top\" aria-hidden=\"true\" data-negative=\"false\">\n\t\t\t<svg xmlns=\"http:\/\/www.w3.org\/2000\/svg\" viewBox=\"0 0 700 10\" preserveAspectRatio=\"none\">\n\t<path class=\"elementor-shape-fill\" d=\"M350,10L340,0h20L350,10z\"\/>\n<\/svg>\t\t<\/div>\n\t\t\t\t<div class=\"elementor-element elementor-element-2d6270d elementor-widget elementor-widget-text-editor\" data-id=\"2d6270d\" data-element_type=\"widget\" data-widget_type=\"text-editor.default\">\n\t\t\t\t\t\t\t\t\t<p><strong>En el Colegio Juan Pablo II nos comprometemos con tu talento,<\/strong>\u00a0garantiz\u00e1ndote una formaci\u00f3n de calidad para que impulses tu carrera.\u00a0<\/p><p><strong>Convi\u00e9rtete en el profesional que demandan las empresas<\/strong>\u00a0estudiando una licenciatura oficial que te permitir\u00e1 alcanzar el \u00e9xito. Compagina tu formaci\u00f3n con tu vida laboral y personal gracias a nuestra\u00a0<strong>modalidad flexible y adaptada a tus tiempos.<\/strong><\/p>\t\t\t\t\t\t\t\t<\/div>\n\t\t\t\t<\/div>\n\t\t<div class=\"elementor-element elementor-element-0d089e5 e-grid e-con-full e-con e-parent\" data-id=\"0d089e5\" data-element_type=\"container\">\n\t\t<div class=\"elementor-element elementor-element-ef82af5 e-flex e-con-boxed elementor-invisible e-con e-child\" data-id=\"ef82af5\" data-element_type=\"container\" data-settings=\"{&quot;background_background&quot;:&quot;classic&quot;,&quot;animation&quot;:&quot;fadeIn&quot;}\">\n\t\t\t\t\t<div class=\"e-con-inner\">\n\t\t\t\t<div class=\"elementor-element elementor-element-ab68da3 elementor-widget elementor-widget-spacer\" data-id=\"ab68da3\" data-element_type=\"widget\" data-widget_type=\"spacer.default\">\n\t\t\t\t\t\t\t<div class=\"elementor-spacer\">\n\t\t\t<div class=\"elementor-spacer-inner\"><\/div>\n\t\t<\/div>\n\t\t\t\t\t\t<\/div>\n\t\t\t\t<div class=\"elementor-element elementor-element-f64ed56 elementor-widget elementor-widget-heading\" data-id=\"f64ed56\" data-element_type=\"widget\" data-widget_type=\"heading.default\">\n\t\t\t\t\t<h2 class=\"elementor-heading-title elementor-size-default\">Licenciatura en<\/h2>\t\t\t\t<\/div>\n\t\t\t\t<div class=\"elementor-element elementor-element-88bded3 elementor-widget elementor-widget-heading\" data-id=\"88bded3\" data-element_type=\"widget\" data-widget_type=\"heading.default\">\n\t\t\t\t\t<h2 class=\"elementor-heading-title elementor-size-default\">Derecho<\/h2>\t\t\t\t<\/div>\n\t\t\t\t<div class=\"elementor-element elementor-element-501664a elementor-widget elementor-widget-spacer\" data-id=\"501664a\" data-element_type=\"widget\" data-widget_type=\"spacer.default\">\n\t\t\t\t\t\t\t<div class=\"elementor-spacer\">\n\t\t\t<div class=\"elementor-spacer-inner\"><\/div>\n\t\t<\/div>\n\t\t\t\t\t\t<\/div>\n\t\t<div class=\"elementor-element elementor-element-30565f2 e-grid e-con-full e-con e-child\" data-id=\"30565f2\" data-element_type=\"container\">\n\t\t\t\t<div class=\"elementor-element elementor-element-851d4c9 elementor-widget elementor-widget-button\" data-id=\"851d4c9\" data-element_type=\"widget\" data-widget_type=\"button.default\">\n\t\t\t\t\t\t\t\t\t\t<a class=\"elementor-button elementor-button-link elementor-size-sm\" href=\"https:\/\/colegiojuanpablosegundo.com.mx\/wp_2025\/licenciatura-en-derecho\/\">\n\t\t\t\t\t\t<span class=\"elementor-button-content-wrapper\">\n\t\t\t\t\t\t\t\t\t<span class=\"elementor-button-text\">M\u00c1S INFORMACI\u00d3N<\/span>\n\t\t\t\t\t<\/span>\n\t\t\t\t\t<\/a>\n\t\t\t\t\t\t\t\t<\/div>\n\t\t<div class=\"elementor-element elementor-element-439d580 e-con-full e-flex e-con e-child\" data-id=\"439d580\" data-element_type=\"container\">\n\t\t\t\t<div class=\"elementor-element elementor-element-11d292e elementor-widget elementor-widget-heading\" data-id=\"11d292e\" data-element_type=\"widget\" data-widget_type=\"heading.default\">\n\t\t\t\t\t<h2 class=\"elementor-heading-title elementor-size-default\">C.C.T. 11PSU0283P<\/h2>\t\t\t\t<\/div>\n\t\t\t\t<div class=\"elementor-element elementor-element-59066ea elementor-widget elementor-widget-text-editor\" data-id=\"59066ea\" data-element_type=\"widget\" data-widget_type=\"text-editor.default\">\n\t\t\t\t\t\t\t\t\t<p class=\"p1\">Acuerdo 20122118<br \/>Con fecha 23\/01\/2012<\/p>\t\t\t\t\t\t\t\t<\/div>\n\t\t\t\t<\/div>\n\t\t\t\t<\/div>\n\t\t\t\t<div class=\"elementor-element elementor-element-0aaa8a6 elementor-widget elementor-widget-spacer\" data-id=\"0aaa8a6\" data-element_type=\"widget\" data-widget_type=\"spacer.default\">\n\t\t\t\t\t\t\t<div class=\"elementor-spacer\">\n\t\t\t<div class=\"elementor-spacer-inner\"><\/div>\n\t\t<\/div>\n\t\t\t\t\t\t<\/div>\n\t\t\t\t\t<\/div>\n\t\t\t\t<\/div>\n\t\t<div class=\"elementor-element elementor-element-8ab4dee e-flex e-con-boxed elementor-invisible e-con e-child\" data-id=\"8ab4dee\" data-element_type=\"container\" data-settings=\"{&quot;background_background&quot;:&quot;classic&quot;,&quot;animation&quot;:&quot;fadeIn&quot;}\">\n\t\t\t\t\t<div class=\"e-con-inner\">\n\t\t\t\t<div class=\"elementor-element elementor-element-73c7b34 elementor-widget elementor-widget-spacer\" data-id=\"73c7b34\" data-element_type=\"widget\" data-widget_type=\"spacer.default\">\n\t\t\t\t\t\t\t<div class=\"elementor-spacer\">\n\t\t\t<div class=\"elementor-spacer-inner\"><\/div>\n\t\t<\/div>\n\t\t\t\t\t\t<\/div>\n\t\t\t\t<div class=\"elementor-element elementor-element-d787025 elementor-widget elementor-widget-heading\" data-id=\"d787025\" data-element_type=\"widget\" data-widget_type=\"heading.default\">\n\t\t\t\t\t<h2 class=\"elementor-heading-title elementor-size-default\">Licenciatura en<\/h2>\t\t\t\t<\/div>\n\t\t\t\t<div class=\"elementor-element elementor-element-6ca54d9 elementor-widget elementor-widget-heading\" data-id=\"6ca54d9\" data-element_type=\"widget\" data-widget_type=\"heading.default\">\n\t\t\t\t\t<h2 class=\"elementor-heading-title elementor-size-default\">Psicolog\u00eda<\/h2>\t\t\t\t<\/div>\n\t\t\t\t<div class=\"elementor-element elementor-element-d86a17a elementor-widget elementor-widget-spacer\" data-id=\"d86a17a\" data-element_type=\"widget\" data-widget_type=\"spacer.default\">\n\t\t\t\t\t\t\t<div class=\"elementor-spacer\">\n\t\t\t<div class=\"elementor-spacer-inner\"><\/div>\n\t\t<\/div>\n\t\t\t\t\t\t<\/div>\n\t\t<div class=\"elementor-element elementor-element-d3281ed e-grid e-con-full e-con e-child\" data-id=\"d3281ed\" data-element_type=\"container\">\n\t\t\t\t<div class=\"elementor-element elementor-element-4cae7c8 elementor-widget elementor-widget-button\" data-id=\"4cae7c8\" data-element_type=\"widget\" data-widget_type=\"button.default\">\n\t\t\t\t\t\t\t\t\t\t<a class=\"elementor-button elementor-button-link elementor-size-sm\" href=\"https:\/\/colegiojuanpablosegundo.com.mx\/wp_2025\/licenciatura-en-psicologia\/\">\n\t\t\t\t\t\t<span class=\"elementor-button-content-wrapper\">\n\t\t\t\t\t\t\t\t\t<span class=\"elementor-button-text\">M\u00c1S INFORMACI\u00d3N<\/span>\n\t\t\t\t\t<\/span>\n\t\t\t\t\t<\/a>\n\t\t\t\t\t\t\t\t<\/div>\n\t\t<div class=\"elementor-element elementor-element-e85eb2e e-con-full e-flex e-con e-child\" data-id=\"e85eb2e\" data-element_type=\"container\">\n\t\t\t\t<div class=\"elementor-element elementor-element-5eb92df elementor-widget elementor-widget-heading\" data-id=\"5eb92df\" data-element_type=\"widget\" data-widget_type=\"heading.default\">\n\t\t\t\t\t<h2 class=\"elementor-heading-title elementor-size-default\">C.C.T. 11PSU0283P<\/h2>\t\t\t\t<\/div>\n\t\t\t\t<div class=\"elementor-element elementor-element-e1acd0a elementor-widget elementor-widget-text-editor\" data-id=\"e1acd0a\" data-element_type=\"widget\" data-widget_type=\"text-editor.default\">\n\t\t\t\t\t\t\t\t\t<p class=\"p1\">Acuerdo 20122118<br \/>Con fecha 23\/01\/2012<\/p>\t\t\t\t\t\t\t\t<\/div>\n\t\t\t\t<\/div>\n\t\t\t\t<\/div>\n\t\t\t\t<div class=\"elementor-element elementor-element-55efa7d elementor-widget elementor-widget-spacer\" data-id=\"55efa7d\" data-element_type=\"widget\" data-widget_type=\"spacer.default\">\n\t\t\t\t\t\t\t<div class=\"elementor-spacer\">\n\t\t\t<div class=\"elementor-spacer-inner\"><\/div>\n\t\t<\/div>\n\t\t\t\t\t\t<\/div>\n\t\t\t\t\t<\/div>\n\t\t\t\t<\/div>\n\t\t<div class=\"elementor-element elementor-element-3b4a810 e-flex e-con-boxed elementor-invisible e-con e-child\" data-id=\"3b4a810\" data-element_type=\"container\" data-settings=\"{&quot;background_background&quot;:&quot;classic&quot;,&quot;animation&quot;:&quot;fadeIn&quot;}\">\n\t\t\t\t\t<div class=\"e-con-inner\">\n\t\t\t\t<div class=\"elementor-element elementor-element-cddf04f elementor-widget elementor-widget-spacer\" data-id=\"cddf04f\" data-element_type=\"widget\" data-widget_type=\"spacer.default\">\n\t\t\t\t\t\t\t<div class=\"elementor-spacer\">\n\t\t\t<div class=\"elementor-spacer-inner\"><\/div>\n\t\t<\/div>\n\t\t\t\t\t\t<\/div>\n\t\t\t\t<div class=\"elementor-element elementor-element-85fbf0e elementor-widget elementor-widget-heading\" data-id=\"85fbf0e\" data-element_type=\"widget\" data-widget_type=\"heading.default\">\n\t\t\t\t\t<h2 class=\"elementor-heading-title elementor-size-default\">Licenciatura en<\/h2>\t\t\t\t<\/div>\n\t\t\t\t<div class=\"elementor-element elementor-element-3fee78e elementor-widget elementor-widget-heading\" data-id=\"3fee78e\" data-element_type=\"widget\" data-widget_type=\"heading.default\">\n\t\t\t\t\t<h2 class=\"elementor-heading-title elementor-size-default\">Pedagog\u00eda<\/h2>\t\t\t\t<\/div>\n\t\t\t\t<div class=\"elementor-element elementor-element-ce83153 elementor-widget elementor-widget-spacer\" data-id=\"ce83153\" data-element_type=\"widget\" data-widget_type=\"spacer.default\">\n\t\t\t\t\t\t\t<div class=\"elementor-spacer\">\n\t\t\t<div class=\"elementor-spacer-inner\"><\/div>\n\t\t<\/div>\n\t\t\t\t\t\t<\/div>\n\t\t<div class=\"elementor-element elementor-element-e05d2c8 e-grid e-con-full e-con e-child\" data-id=\"e05d2c8\" data-element_type=\"container\">\n\t\t\t\t<div class=\"elementor-element elementor-element-e6959d9 elementor-widget elementor-widget-button\" data-id=\"e6959d9\" data-element_type=\"widget\" data-widget_type=\"button.default\">\n\t\t\t\t\t\t\t\t\t\t<a class=\"elementor-button elementor-button-link elementor-size-sm\" href=\"https:\/\/colegiojuanpablosegundo.com.mx\/wp_2025\/licenciatura-en-pedagogia\/\">\n\t\t\t\t\t\t<span class=\"elementor-button-content-wrapper\">\n\t\t\t\t\t\t\t\t\t<span class=\"elementor-button-text\">M\u00c1S INFORMACI\u00d3N<\/span>\n\t\t\t\t\t<\/span>\n\t\t\t\t\t<\/a>\n\t\t\t\t\t\t\t\t<\/div>\n\t\t<div class=\"elementor-element elementor-element-ed8bf7d e-con-full e-flex e-con e-child\" data-id=\"ed8bf7d\" data-element_type=\"container\">\n\t\t\t\t<div class=\"elementor-element elementor-element-b6771b7 elementor-widget elementor-widget-heading\" data-id=\"b6771b7\" data-element_type=\"widget\" data-widget_type=\"heading.default\">\n\t\t\t\t\t<h2 class=\"elementor-heading-title elementor-size-default\">C.C.T. 11PSU0283P<\/h2>\t\t\t\t<\/div>\n\t\t\t\t<div class=\"elementor-element elementor-element-2f2bcce elementor-widget elementor-widget-text-editor\" data-id=\"2f2bcce\" data-element_type=\"widget\" data-widget_type=\"text-editor.default\">\n\t\t\t\t\t\t\t\t\t<p class=\"p1\">Acuerdo 20122118<br \/>Con fecha 23\/01\/2012<\/p>\t\t\t\t\t\t\t\t<\/div>\n\t\t\t\t<\/div>\n\t\t\t\t<\/div>\n\t\t\t\t<div class=\"elementor-element elementor-element-9c80560 elementor-widget elementor-widget-spacer\" data-id=\"9c80560\" data-element_type=\"widget\" data-widget_type=\"spacer.default\">\n\t\t\t\t\t\t\t<div class=\"elementor-spacer\">\n\t\t\t<div class=\"elementor-spacer-inner\"><\/div>\n\t\t<\/div>\n\t\t\t\t\t\t<\/div>\n\t\t\t\t\t<\/div>\n\t\t\t\t<\/div>\n\t\t<div class=\"elementor-element elementor-element-d870e21 e-flex e-con-boxed elementor-invisible e-con e-child\" data-id=\"d870e21\" data-element_type=\"container\" data-settings=\"{&quot;background_background&quot;:&quot;classic&quot;,&quot;animation&quot;:&quot;fadeIn&quot;}\">\n\t\t\t\t\t<div class=\"e-con-inner\">\n\t\t\t\t<div class=\"elementor-element elementor-element-9c981de elementor-widget elementor-widget-spacer\" data-id=\"9c981de\" data-element_type=\"widget\" data-widget_type=\"spacer.default\">\n\t\t\t\t\t\t\t<div class=\"elementor-spacer\">\n\t\t\t<div class=\"elementor-spacer-inner\"><\/div>\n\t\t<\/div>\n\t\t\t\t\t\t<\/div>\n\t\t\t\t<div class=\"elementor-element elementor-element-88bb6b9 elementor-widget elementor-widget-heading\" data-id=\"88bb6b9\" data-element_type=\"widget\" data-widget_type=\"heading.default\">\n\t\t\t\t\t<h2 class=\"elementor-heading-title elementor-size-default\">Licenciatura en<\/h2>\t\t\t\t<\/div>\n\t\t\t\t<div class=\"elementor-element elementor-element-11960c0 elementor-widget elementor-widget-heading\" data-id=\"11960c0\" data-element_type=\"widget\" data-widget_type=\"heading.default\">\n\t\t\t\t\t<h2 class=\"elementor-heading-title elementor-size-default\">Administraci\u00f3n y gesti\u00f3n\n<br> de negocios<\/h2>\t\t\t\t<\/div>\n\t\t\t\t<div class=\"elementor-element elementor-element-95adba8 elementor-widget elementor-widget-spacer\" data-id=\"95adba8\" data-element_type=\"widget\" data-widget_type=\"spacer.default\">\n\t\t\t\t\t\t\t<div class=\"elementor-spacer\">\n\t\t\t<div class=\"elementor-spacer-inner\"><\/div>\n\t\t<\/div>\n\t\t\t\t\t\t<\/div>\n\t\t<div class=\"elementor-element elementor-element-2e506cf e-grid e-con-full e-con e-child\" data-id=\"2e506cf\" data-element_type=\"container\">\n\t\t\t\t<div class=\"elementor-element elementor-element-955c065 elementor-widget elementor-widget-button\" data-id=\"955c065\" data-element_type=\"widget\" data-widget_type=\"button.default\">\n\t\t\t\t\t\t\t\t\t\t<a class=\"elementor-button elementor-button-link elementor-size-sm\" href=\"https:\/\/colegiojuanpablosegundo.com.mx\/wp_2025\/licenciatura-en-administracion-y-gestion-de-negocios\/\">\n\t\t\t\t\t\t<span class=\"elementor-button-content-wrapper\">\n\t\t\t\t\t\t\t\t\t<span class=\"elementor-button-text\">M\u00c1S INFORMACI\u00d3N<\/span>\n\t\t\t\t\t<\/span>\n\t\t\t\t\t<\/a>\n\t\t\t\t\t\t\t\t<\/div>\n\t\t<div class=\"elementor-element elementor-element-905ba85 e-con-full e-flex e-con e-child\" data-id=\"905ba85\" data-element_type=\"container\">\n\t\t\t\t<div class=\"elementor-element elementor-element-1289602 elementor-widget elementor-widget-heading\" data-id=\"1289602\" data-element_type=\"widget\" data-widget_type=\"heading.default\">\n\t\t\t\t\t<h2 class=\"elementor-heading-title elementor-size-default\">C.C.T. 11PSU0283P<\/h2>\t\t\t\t<\/div>\n\t\t\t\t<div class=\"elementor-element elementor-element-6bb173d elementor-widget elementor-widget-text-editor\" data-id=\"6bb173d\" data-element_type=\"widget\" data-widget_type=\"text-editor.default\">\n\t\t\t\t\t\t\t\t\t<p class=\"p1\">Acuerdo 20122118<br \/>Con fecha 23\/01\/2012<\/p>\t\t\t\t\t\t\t\t<\/div>\n\t\t\t\t<\/div>\n\t\t\t\t<\/div>\n\t\t\t\t<div class=\"elementor-element elementor-element-bf64698 elementor-widget elementor-widget-spacer\" data-id=\"bf64698\" data-element_type=\"widget\" data-widget_type=\"spacer.default\">\n\t\t\t\t\t\t\t<div class=\"elementor-spacer\">\n\t\t\t<div class=\"elementor-spacer-inner\"><\/div>\n\t\t<\/div>\n\t\t\t\t\t\t<\/div>\n\t\t\t\t\t<\/div>\n\t\t\t\t<\/div>\n\t\t<div class=\"elementor-element elementor-element-f7457ec e-flex e-con-boxed elementor-invisible e-con e-child\" data-id=\"f7457ec\" data-element_type=\"container\" data-settings=\"{&quot;background_background&quot;:&quot;classic&quot;,&quot;animation&quot;:&quot;fadeIn&quot;}\">\n\t\t\t\t\t<div class=\"e-con-inner\">\n\t\t\t\t<div class=\"elementor-element elementor-element-03b6038 elementor-widget elementor-widget-spacer\" data-id=\"03b6038\" data-element_type=\"widget\" data-widget_type=\"spacer.default\">\n\t\t\t\t\t\t\t<div class=\"elementor-spacer\">\n\t\t\t<div class=\"elementor-spacer-inner\"><\/div>\n\t\t<\/div>\n\t\t\t\t\t\t<\/div>\n\t\t\t\t<div class=\"elementor-element elementor-element-3b026d9 elementor-widget elementor-widget-heading\" data-id=\"3b026d9\" data-element_type=\"widget\" data-widget_type=\"heading.default\">\n\t\t\t\t\t<h2 class=\"elementor-heading-title elementor-size-default\">Licenciatura en<\/h2>\t\t\t\t<\/div>\n\t\t\t\t<div class=\"elementor-element elementor-element-6498e4b elementor-widget elementor-widget-heading\" data-id=\"6498e4b\" data-element_type=\"widget\" data-widget_type=\"heading.default\">\n\t\t\t\t\t<h2 class=\"elementor-heading-title elementor-size-default\">Contadur\u00eda P\u00fablica<\/h2>\t\t\t\t<\/div>\n\t\t\t\t<div class=\"elementor-element elementor-element-68f8846 elementor-widget elementor-widget-spacer\" data-id=\"68f8846\" data-element_type=\"widget\" data-widget_type=\"spacer.default\">\n\t\t\t\t\t\t\t<div class=\"elementor-spacer\">\n\t\t\t<div class=\"elementor-spacer-inner\"><\/div>\n\t\t<\/div>\n\t\t\t\t\t\t<\/div>\n\t\t<div class=\"elementor-element elementor-element-3e387ad e-grid e-con-full e-con e-child\" data-id=\"3e387ad\" data-element_type=\"container\">\n\t\t\t\t<div class=\"elementor-element elementor-element-633c346 elementor-widget elementor-widget-button\" data-id=\"633c346\" data-element_type=\"widget\" data-widget_type=\"button.default\">\n\t\t\t\t\t\t\t\t\t\t<a class=\"elementor-button elementor-button-link elementor-size-sm\" href=\"https:\/\/colegiojuanpablosegundo.com.mx\/wp_2025\/licenciatura-en-contaduria\/\">\n\t\t\t\t\t\t<span class=\"elementor-button-content-wrapper\">\n\t\t\t\t\t\t\t\t\t<span class=\"elementor-button-text\">M\u00c1S INFORMACI\u00d3N<\/span>\n\t\t\t\t\t<\/span>\n\t\t\t\t\t<\/a>\n\t\t\t\t\t\t\t\t<\/div>\n\t\t<div class=\"elementor-element elementor-element-4bb6e02 e-con-full e-flex e-con e-child\" data-id=\"4bb6e02\" data-element_type=\"container\">\n\t\t\t\t<div class=\"elementor-element elementor-element-d981f9e elementor-widget elementor-widget-heading\" data-id=\"d981f9e\" data-element_type=\"widget\" data-widget_type=\"heading.default\">\n\t\t\t\t\t<h2 class=\"elementor-heading-title elementor-size-default\">C.C.T. 11PSU0283P<\/h2>\t\t\t\t<\/div>\n\t\t\t\t<div class=\"elementor-element elementor-element-d2722e8 elementor-widget elementor-widget-text-editor\" data-id=\"d2722e8\" data-element_type=\"widget\" data-widget_type=\"text-editor.default\">\n\t\t\t\t\t\t\t\t\t<p class=\"p1\">Acuerdo 20122118<br \/>Con fecha 23\/01\/2012<\/p>\t\t\t\t\t\t\t\t<\/div>\n\t\t\t\t<\/div>\n\t\t\t\t<\/div>\n\t\t\t\t<div class=\"elementor-element elementor-element-81befb1 elementor-widget elementor-widget-spacer\" data-id=\"81befb1\" data-element_type=\"widget\" data-widget_type=\"spacer.default\">\n\t\t\t\t\t\t\t<div class=\"elementor-spacer\">\n\t\t\t<div class=\"elementor-spacer-inner\"><\/div>\n\t\t<\/div>\n\t\t\t\t\t\t<\/div>\n\t\t\t\t\t<\/div>\n\t\t\t\t<\/div>\n\t\t\t\t<\/div>\n\t\t<div class=\"elementor-element elementor-element-eaeedc6 e-con-full e-flex e-con e-parent\" data-id=\"eaeedc6\" data-element_type=\"container\">\n\t\t<div class=\"elementor-element elementor-element-215a29d e-con-full e-flex e-con e-child\" data-id=\"215a29d\" data-element_type=\"container\">\n\t\t\t\t<div class=\"elementor-element elementor-element-5169669 elementor-widget thim-ekits-heading elementor-widget-thim-heading\" data-id=\"5169669\" data-element_type=\"widget\" data-widget_type=\"thim-heading.default\">\n\t\t\t\t<div class=\"elementor-widget-container\">\n\t\t\t\t\t<div class=\"sc_heading\"><h2 class=\"title\">Requisitos <\/h2><\/div>\t\t\t\t<\/div>\n\t\t\t\t<\/div>\n\t\t\t\t<div class=\"elementor-element elementor-element-1897cb7 elementor-widget elementor-widget-text-editor\" data-id=\"1897cb7\" data-element_type=\"widget\" data-widget_type=\"text-editor.default\">\n\t\t\t\t\t\t\t\t\t<ol><li>Solicitud de ingreso debidamente llenada.<\/li><li>Acta de nacimiento (original y dos copias).<\/li><li>Certificado de preparatoria (original y dos copias).<\/li><li>CURP<\/li><\/ol>\t\t\t\t\t\t\t\t<\/div>\n\t\t\t\t<div class=\"elementor-element elementor-element-5178714 elementor-widget thim-ekits-heading elementor-widget-thim-heading\" data-id=\"5178714\" data-element_type=\"widget\" data-widget_type=\"thim-heading.default\">\n\t\t\t\t<div class=\"elementor-widget-container\">\n\t\t\t\t\t<div class=\"sc_heading\"><h2 class=\"title\">Reglamento <\/h2><\/div>\t\t\t\t<\/div>\n\t\t\t\t<\/div>\n\t\t\t\t<div class=\"elementor-element elementor-element-723707b elementor-widget elementor-widget-button\" data-id=\"723707b\" data-element_type=\"widget\" data-widget_type=\"button.default\">\n\t\t\t\t\t\t\t\t\t\t<a class=\"elementor-button elementor-button-link elementor-size-sm\" href=\"https:\/\/acrobat.adobe.com\/id\/urn:aaid:sc:VA6C2:285f2f16-f71c-4387-b467-492a37ce9e7d\" target=\"_blank\">\n\t\t\t\t\t\t<span class=\"elementor-button-content-wrapper\">\n\t\t\t\t\t\t\t\t\t<span class=\"elementor-button-text\">Desc\u00e1rgalo aqu\u00ed<\/span>\n\t\t\t\t\t<\/span>\n\t\t\t\t\t<\/a>\n\t\t\t\t\t\t\t\t<\/div>\n\t\t\t\t<div class=\"elementor-element elementor-element-cf35872 elementor-widget elementor-widget-spacer\" data-id=\"cf35872\" data-element_type=\"widget\" data-widget_type=\"spacer.default\">\n\t\t\t\t\t\t\t<div class=\"elementor-spacer\">\n\t\t\t<div class=\"elementor-spacer-inner\"><\/div>\n\t\t<\/div>\n\t\t\t\t\t\t<\/div>\n\t\t<div class=\"elementor-element elementor-element-05e2e66 e-flex e-con-boxed e-con e-child\" data-id=\"05e2e66\" data-element_type=\"container\">\n\t\t\t\t\t<div class=\"e-con-inner\">\n\t\t\t\t<div class=\"elementor-element elementor-element-9445b70 elementor-widget thim-widget-button\" data-id=\"9445b70\" data-element_type=\"widget\" data-widget_type=\"thim-button.default\">\n\t\t\t\t<div class=\"elementor-widget-container\">\n\t\t\t\t\t<a class=\"widget-button normal\" href=\"#\">Aplicar ahora<\/a>\t\t\t\t<\/div>\n\t\t\t\t<\/div>\n\t\t\t\t<div class=\"elementor-element elementor-element-9ca2eda elementor-widget thim-widget-button\" data-id=\"9ca2eda\" data-element_type=\"widget\" data-widget_type=\"thim-button.default\">\n\t\t\t\t<div class=\"elementor-widget-container\">\n\t\t\t\t\t<a class=\"widget-button normal\" href=\"#\">\u00a1Cont\u00e1ctanos!<\/a>\t\t\t\t<\/div>\n\t\t\t\t<\/div>\n\t\t\t\t\t<\/div>\n\t\t\t\t<\/div>\n\t\t\t\t<\/div>\n\t\t\t\t<\/div>\n\t\t\t\t<\/div>\n\t\t","protected":false},"excerpt":{"rendered":"<p>En el Colegio Juan Pablo II nos comprometemos con tu talento,\u00a0garantiz\u00e1ndote una formaci\u00f3n de calidad para que impulses tu carrera.\u00a0 Convi\u00e9rtete en el profesional que demandan las empresas\u00a0estudiando una licenciatura oficial que te permitir\u00e1 alcanzar el \u00e9xito. Compagina tu formaci\u00f3n &hellip; <\/p>\n","protected":false},"author":2,"featured_media":0,"parent":0,"menu_order":0,"comment_status":"closed","ping_status":"closed","template":"","meta":{"_joinchat":[],"footnotes":""},"class_list":["post-16194","page","type-page","status-publish","hentry"],"_links":{"self":[{"href":"https:\/\/colegiojuanpablosegundo.com.mx\/wp_2025\/wp-json\/wp\/v2\/pages\/16194","targetHints":{"allow":["GET"]}}],"collection":[{"href":"https:\/\/colegiojuanpablosegundo.com.mx\/wp_2025\/wp-json\/wp\/v2\/pages"}],"about":[{"href":"https:\/\/colegiojuanpablosegundo.com.mx\/wp_2025\/wp-json\/wp\/v2\/types\/page"}],"author":[{"embeddable":true,"href":"https:\/\/colegiojuanpablosegundo.com.mx\/wp_2025\/wp-json\/wp\/v2\/users\/2"}],"replies":[{"embeddable":true,"href":"https:\/\/colegiojuanpablosegundo.com.mx\/wp_2025\/wp-json\/wp\/v2\/comments?post=16194"}],"version-history":[{"count":47,"href":"https:\/\/colegiojuanpablosegundo.com.mx\/wp_2025\/wp-json\/wp\/v2\/pages\/16194\/revisions"}],"predecessor-version":[{"id":16590,"href":"https:\/\/colegiojuanpablosegundo.com.mx\/wp_2025\/wp-json\/wp\/v2\/pages\/16194\/revisions\/16590"}],"wp:attachment":[{"href":"https:\/\/colegiojuanpablosegundo.com.mx\/wp_2025\/wp-json\/wp\/v2\/media?parent=16194"}],"curies":[{"name":"wp","href":"https:\/\/api.w.org\/{rel}","templated":true}]}}